{"id":136,"date":"2021-06-05T13:09:41","date_gmt":"2021-06-05T11:09:41","guid":{"rendered":"http:\/\/www.malarstwo.ws.ujd.edu.pl\/?page_id=136"},"modified":"2021-06-05T18:39:07","modified_gmt":"2021-06-05T16:39:07","slug":"dr-adam-rokowski","status":"publish","type":"page","link":"http:\/\/www.malarstwo.ws.ujd.edu.pl\/index.php\/dr-adam-rokowski\/","title":{"rendered":"dr Adam Rokowski"},"content":{"rendered":"\n<div class=\"wp-block-image is-style-rounded\"><figure class=\"aligncenter size-large\"><img loading=\"lazy\" width=\"250\" height=\"300\" src=\"http:\/\/www.malarstwo.ws.ujd.edu.pl\/wp-content\/uploads\/2021\/06\/geba-przed-plotnem-fragment-250x300-2.jpg\" alt=\"\" class=\"wp-image-138\"\/><\/figure><\/div>\n\n\n\n<p class=\"has-text-align-center\">Urodzony w 1977 r.<br>Studia w Instytucie Plastyki WSP w Cz\u0119stochowie (obecnie Uniwersytet im. Jana D\u0142ugosza), dyplom w pracowni malarstwa prof. Wincentego Maszkowskiego, obroniony z wyr\u00f3\u017cnieniem w 2002 roku.&nbsp;<br>W latach 2009-2012 uczestnik \u015arodowiskowych Studi\u00f3w Doktoranckich na Akademii Sztuk Pi\u0119knych w Krakowie. W 2015 roku Wydziale Malarstwa ASP w Krakowie obroni\u0142 prac\u0119 doktorsk\u0105 pod kierunkiem prof. Zbigniewa Bajka.Wsp\u00f3\u0142autor cyklicznej og\u00f3lnopolskiej wystawy i konkursu Biennale M\u0142odych \u201ePi\u0119kne Sztuki\u201d w&nbsp;MDK w Radomsku, wystawy grafiki i rysunku \u201e\u015alady Czarnego Kota\u201d w Muzeum Produkcji Zapa\u0142ek w Cz\u0119stochowieoraz interdyscyplinarnego projektu Czytelnia Szkicownik\u00f3w. Na Wydziale Sztuki UJD w Cz\u0119stochowie prowadzi pracowni\u0119 technologii malarstwa.<\/p>\n\n\n\n<p class=\"has-text-align-center\">Uprawia malarstwo, rysunek, grafik\u0119 i ilustracj\u0119.<\/p>\n\n\n\n<p class=\"has-text-align-center\">wystawy indywidualne:&nbsp;<\/p>\n\n\n\n<p class=\"has-text-align-center\">2018, Rysunki z G\u00f3r, Galeria Krzywa Jab\u0142onka, Szczawnica<br>2017, wystawa malarstwa, Filharmonia Cz\u0119stochowska im. Bronis\u0142awa Hubermana<br>2016, Ma\u0142e obrazy, galeria Promo-Arte, Dom Kultury Kozieg\u0142owy<br>2015, B. CIA\u0141A, wystawa malarstwa, ko\u015bci\u00f3\u0142 ewangelicki, Cz\u0119stochowa<br>2014, Tysi\u0105ce \u015blad\u00f3w, wystawa rysunku, BWA Zakopane<br>2013, Namalowa\u0142em przedmioty\u2026, ko\u015bci\u00f3\u0142 ewangelicko-augsburski, Cz\u0119stochowa<br>2012, Sukienki Matki Boskiej, Galeria MDK, Radomsko<br>2012, Obraz i wizerunek, Galeria OPK \u201eGaude Mater\u201d, Cz\u0119stochowa<br>2011, Podobie\u0144stwa, galeria \u201eOnamato\u201d, Krak\u00f3w<br>2011, Ryparografie, galeria \u201eKrypta u Pijar\u00f3w\u201d Krak\u00f3w (razem z Magdalen\u0105 Siejko)<br>2008, Zwyk\u0142e malarstwo, Miejska Galeria Sztuki, Cz\u0119stochowa&nbsp;<br>2006, Martwa natura z cytrynami\u2026, indywidualna wystawa malarstwa, galeria \u201eTabor\u201d, Cz\u0119stochowa<br>2003, Wystawa rysunku, Tarnog\u00f3rskie Centrum Kultury, Tarnowskie G\u00f3ry<\/p>\n\n\n\n<p class=\"has-text-align-center\">wystawy zbiorowe:&nbsp;<br>2019, SENS \u2013 Sztuka-Edukacja-Nauka, Miejska Galeria Sztuki w Cz\u0119stochowie<br>2019, Morze Kafka, Centrum Kultury Trzebiat\u00f3w<br>2019, Ogrody Stanis\u0142awa Hadyny, pa\u0142ac w Kosz\u0119cinie<br>2019, Bez limitu, Kafka \u2013 prze\u0142amywanie granic, Dum Umeni, Opawa, Czechy<br>2018, Wielokrotno\u015b\u0107, wystawa pracownik\u00f3w Katedry Malarstwa UJD, Szyd\u0142owieckie Centrum Kultury&nbsp;\u2013 Zamek2018,&nbsp; Zawsze z Nadziej\u0105, wystawa pracownik\u00f3w Katedry Malarstwa UJD, pa\u0142ac w Kosz\u0119cinie<br>2018, Kafka \u2013 prze\u0142amywanie granic, Galeria Profil, Centrum Kultury Zamek w Poznaniu, Nowohuckie Centrum Kultury, Krak\u00f3w<br>2018, Mg\u0142a wychodzi z Szafy, wystawa Czytelni Szkicownik\u00f3w, Miejska Biblioteka Publiczna w Opolu<br>2017, Kafka \u2013 prze\u0142amywanie granic,&nbsp;Muzeum Warmii i Mazur, Galeria \u201cZamek\u201d w Reszlu, galeria Elektrownia, Czelad\u017a<br>2017, Karpaty pe\u0142ne czar\u00f3w, Galeria Krzywa Jab\u0142onka, Szczawnica Zdr\u00f3j<br>2017, \u015alady Czarnego Kota Dwa, Muzeum Produkcji Zapa\u0142ek w Cz\u0119stochowie \u2013 wsp\u00f3\u0142organizator wystawy<br>2017 WIELOrako\u015b\u0107, wystawa pracownik\u00f3w Katedry Malarstwa AJD, Pa\u0142ac Kultury Zag\u0142\u0119bia, D\u0105browa G\u00f3rnicza<br>2017, WIELObarwno\u015b\u0107, wystawa pracownik\u00f3w Katedry Malarstwa AJD, pa\u0142ac w Kosz\u0119cinie<br>2017, WIELOznaczno\u015b\u0107, wystawa pracownik\u00f3w Katedry Malarstwa AJD, Galeria Ku\u017anicza, Wroc\u0142aw<br>2017, Czytelnia Szkicownik\u00f3w, Muzeum Tatrza\u0144skie w Zakopanem, Miejska Biblioteka Publiczna w Opolu, Dom S\u0142\u00f3w, Lublin \u2013 wsp\u00f3\u0142organizator<br>2016, Szale\u0144stwo Wolno\u015bci, \u0141\u0119czyca<br>2016, Czytelnia Szkicownik\u00f3w w podr\u00f3\u017cy, Kr\u00f3lestwo Bez Kresu, Rzesz\u00f3w<br>2016, Czytelnia Szkicownik\u00f3w w podr\u00f3\u017cy, Dom S\u0142\u00f3w, Lublin<br>2016, Topografia Wolno\u015bci, Galeria Szyb Wilson, Katowice<br>2015, \u015alad, Galeria Wiatrak, Jaworki k. Szczawnicy&nbsp;<br>2015, Czytelnia Szkicownik\u00f3w, Festiwal Dekonstrukcji S\u0142owa \u201eCzytaj!\u201d, Cz\u0119stochowa, Galeria Promocyjna ASP w Krakowie (wsp\u00f3\u0142autor pokazu)<br>2015, Podszepty, galeria Bohema Nowa Sztuka, Warszawa<br>2015, \u015alady Czarnego Kota, wystawa grafiki i rysunku, Muzeum Produkcji Zapa\u0142ek, Cz\u0119stochowa (wsp\u00f3\u0142organizator wystawy)<br>2014, Dramat Wolno\u015bci, mi\u0119dzynarodowy projekt , wystawy w Krakowie, Cz\u0119stochowie, \u0141odzi, Kielcach&nbsp;<br>2014, Kafka, oswajanie obcego, Galeria Extravagance, Sosnowiec<br>2012, Mi\u0119dzynarodowy Konkurs Rysunku, Muzeum Architektury, Wroc\u0142aw<br>2012, W\u0105tki maryjne w tw\u00f3rczo\u015bci\u2026, galeria \u201eKonduktorownia\u201d, Cz\u0119stochowa<br>2012, wystawa I Pracowni Interdyscyplinarnej ASP w Krakowie, Kulturalia, Krak\u00f3w<br>2011, VII Triennale Polskiego Rysunku Wsp\u00f3\u0142czesnego, Muzeum Kres\u00f3w, Lubacz\u00f3w&nbsp;<br>2011, Czarno na Bia\u0142ym, Miejska Galeria Sztuki, Zakopane<br>2011, Promotor, doktorzy i doktoranci, Nowy Targ, Limanowa, Nowy S\u0105cz, Szymbark&nbsp;<br>2011, Kierunki, Galeria PWST, Krak\u00f3w<br>2010, Bezdomno\u015b\u0107, wystawa I Pracowni Interdyscyplinarnej, Klasztor Dominikan\u00f3w, Krak\u00f3w<br>2010, Polska, Wolno\u015b\u0107, wystawa I Pracowni Interdyscyplinarnej, Wojew\u00f3dzka Biblioteka Publiczna, Krak\u00f3w<br>2009, Profesor, doktorzy i doktoranci, galeria \u201eKonduktorownia\u201d, Cz\u0119stochowa<br>2008, M\u0142ode malarstwo cz\u0119stochowskie, Miejska Galeria Sztuki, Cz\u0119stochowa<br>2008, I Og\u00f3lnopolski konkurs \u201cObrazy muzyk\u0105 malowane\u201d, Fundacja Kultury im. I.J. Paderewskiego, Krak\u00f3w&nbsp;<br>2008, VI Triennale Polskiego Rysunku Wsp\u00f3\u0142czesnego, Muzeum Kres\u00f3w, Lubacz\u00f3w&nbsp;<br>2008, Jesenn\u00e9 Konfront\u00e1cie, S\u00fa\u010dasn\u00e1 po\u013esk\u00e1 ma\u013eba, Gal\u00e9ria Umelcov Spi\u0161a, Spi\u0161sk\u00e1 Nov\u00e1 Ves, S\u0142owacja<br>2007, III Og\u00f3lnopolski Konkurs im. Mariana Michalika na Obraz dla M\u0142odych Malarzy<br>2007, Zawsze z Nadziej\u0105, wystawa w ramach V Dni Kultury Chrze\u015bcija\u0144skiej, Cz\u0119stochowa<br>2007, Jesienne Konfrontacje \u2013 Triennale Malarstwa Wsp\u00f3\u0142czesnego, Rzesz\u00f3w&nbsp;<br>2006, Zawsze z Nadziej\u0105, wystawa w ramach IV Dni Kultury Chrze\u015bcija\u0144skiej, Cz\u0119stochowa<br>2006, Og\u00f3lnopolskie Prezentacje Tw\u00f3rczo\u015bci M\u0142odych \u201eNadzieje\u201d Miejska Galeria Sztuki, Cz\u0119stochowa<br>2002, Wystawa dyplomowa, galeria OPK \u201eGaude Mater\u201d, Cz\u0119stochowa<br>2001, Nadzieje Plastyczne Cz\u0119stochowy, Miejska Galeria Sztuki, Cz\u0119stochowa<\/p>\n\n\n\n<figure class=\"wp-block-gallery columns-3 is-cropped\"><ul class=\"blocks-gallery-grid\"><li class=\"blocks-gallery-item\"><figure><img loading=\"lazy\" width=\"1024\" height=\"614\" src=\"http:\/\/www.malarstwo.ws.ujd.edu.pl\/wp-content\/uploads\/2021\/06\/Adam-Rokowski-M.O.O.P.1-18x30-cmolej-na-plotnie-2017-1024x614-1.jpg\" alt=\"\" data-id=\"141\" data-full-url=\"http:\/\/www.malarstwo.ws.ujd.edu.pl\/wp-content\/uploads\/2021\/06\/Adam-Rokowski-M.O.O.P.1-18x30-cmolej-na-plotnie-2017-1024x614-1.jpg\" data-link=\"http:\/\/www.malarstwo.ws.ujd.edu.pl\/index.php\/dr-adam-rokowski\/adam-rokowski-m-o-o-p-1-18x30-cmolej-na-plotnie-2017-1024x614-1\/\" class=\"wp-image-141\" srcset=\"http:\/\/www.malarstwo.ws.ujd.edu.pl\/wp-content\/uploads\/2021\/06\/Adam-Rokowski-M.O.O.P.1-18x30-cmolej-na-plotnie-2017-1024x614-1.jpg 1024w, http:\/\/www.malarstwo.ws.ujd.edu.pl\/wp-content\/uploads\/2021\/06\/Adam-Rokowski-M.O.O.P.1-18x30-cmolej-na-plotnie-2017-1024x614-1-300x180.jpg 300w, http:\/\/www.malarstwo.ws.ujd.edu.pl\/wp-content\/uploads\/2021\/06\/Adam-Rokowski-M.O.O.P.1-18x30-cmolej-na-plotnie-2017-1024x614-1-768x461.jpg 768w\" sizes=\"(max-width: 1024px) 100vw, 1024px\" \/><\/figure><\/li><li class=\"blocks-gallery-item\"><figure><img loading=\"lazy\" width=\"1024\" height=\"840\" src=\"http:\/\/www.malarstwo.ws.ujd.edu.pl\/wp-content\/uploads\/2021\/06\/Adam-Rokowski-M.O.O.P.-4-18x22-cm-olej-na-plotnie-2017-1024x840-1.jpg\" alt=\"\" data-id=\"142\" data-full-url=\"http:\/\/www.malarstwo.ws.ujd.edu.pl\/wp-content\/uploads\/2021\/06\/Adam-Rokowski-M.O.O.P.-4-18x22-cm-olej-na-plotnie-2017-1024x840-1.jpg\" data-link=\"http:\/\/www.malarstwo.ws.ujd.edu.pl\/index.php\/dr-adam-rokowski\/adam-rokowski-m-o-o-p-4-18x22-cm-olej-na-plotnie-2017-1024x840-1\/\" class=\"wp-image-142\" srcset=\"http:\/\/www.malarstwo.ws.ujd.edu.pl\/wp-content\/uploads\/2021\/06\/Adam-Rokowski-M.O.O.P.-4-18x22-cm-olej-na-plotnie-2017-1024x840-1.jpg 1024w, http:\/\/www.malarstwo.ws.ujd.edu.pl\/wp-content\/uploads\/2021\/06\/Adam-Rokowski-M.O.O.P.-4-18x22-cm-olej-na-plotnie-2017-1024x840-1-300x246.jpg 300w, http:\/\/www.malarstwo.ws.ujd.edu.pl\/wp-content\/uploads\/2021\/06\/Adam-Rokowski-M.O.O.P.-4-18x22-cm-olej-na-plotnie-2017-1024x840-1-768x630.jpg 768w\" sizes=\"(max-width: 1024px) 100vw, 1024px\" \/><\/figure><\/li><li class=\"blocks-gallery-item\"><figure><img loading=\"lazy\" width=\"1024\" height=\"767\" src=\"http:\/\/www.malarstwo.ws.ujd.edu.pl\/wp-content\/uploads\/2021\/06\/Adam-Rokowski-M.O.O.P.-6-18x24-cm-olej-na-plotnie-2018-1024x767-1.jpg\" alt=\"\" data-id=\"143\" data-full-url=\"http:\/\/www.malarstwo.ws.ujd.edu.pl\/wp-content\/uploads\/2021\/06\/Adam-Rokowski-M.O.O.P.-6-18x24-cm-olej-na-plotnie-2018-1024x767-1.jpg\" data-link=\"http:\/\/www.malarstwo.ws.ujd.edu.pl\/index.php\/dr-adam-rokowski\/adam-rokowski-m-o-o-p-6-18x24-cm-olej-na-plotnie-2018-1024x767-1\/\" class=\"wp-image-143\" srcset=\"http:\/\/www.malarstwo.ws.ujd.edu.pl\/wp-content\/uploads\/2021\/06\/Adam-Rokowski-M.O.O.P.-6-18x24-cm-olej-na-plotnie-2018-1024x767-1.jpg 1024w, http:\/\/www.malarstwo.ws.ujd.edu.pl\/wp-content\/uploads\/2021\/06\/Adam-Rokowski-M.O.O.P.-6-18x24-cm-olej-na-plotnie-2018-1024x767-1-300x225.jpg 300w, http:\/\/www.malarstwo.ws.ujd.edu.pl\/wp-content\/uploads\/2021\/06\/Adam-Rokowski-M.O.O.P.-6-18x24-cm-olej-na-plotnie-2018-1024x767-1-768x575.jpg 768w\" sizes=\"(max-width: 1024px) 100vw, 1024px\" \/><\/figure><\/li><li class=\"blocks-gallery-item\"><figure><img loading=\"lazy\" width=\"744\" height=\"1024\" src=\"http:\/\/www.malarstwo.ws.ujd.edu.pl\/wp-content\/uploads\/2021\/06\/Adam-Rokowski-Obrazkow-umiejscowienie-II-2019-25x35-cm-tempera-na-desce-744x1024-1.jpg\" alt=\"\" data-id=\"144\" data-full-url=\"http:\/\/www.malarstwo.ws.ujd.edu.pl\/wp-content\/uploads\/2021\/06\/Adam-Rokowski-Obrazkow-umiejscowienie-II-2019-25x35-cm-tempera-na-desce-744x1024-1.jpg\" data-link=\"http:\/\/www.malarstwo.ws.ujd.edu.pl\/index.php\/dr-adam-rokowski\/adam-rokowski-obrazkow-umiejscowienie-ii-2019-25x35-cm-tempera-na-desce-744x1024-1\/\" class=\"wp-image-144\" srcset=\"http:\/\/www.malarstwo.ws.ujd.edu.pl\/wp-content\/uploads\/2021\/06\/Adam-Rokowski-Obrazkow-umiejscowienie-II-2019-25x35-cm-tempera-na-desce-744x1024-1.jpg 744w, http:\/\/www.malarstwo.ws.ujd.edu.pl\/wp-content\/uploads\/2021\/06\/Adam-Rokowski-Obrazkow-umiejscowienie-II-2019-25x35-cm-tempera-na-desce-744x1024-1-218x300.jpg 218w\" sizes=\"(max-width: 744px) 100vw, 744px\" \/><\/figure><\/li><li class=\"blocks-gallery-item\"><figure><img loading=\"lazy\" width=\"815\" height=\"1024\" src=\"http:\/\/www.malarstwo.ws.ujd.edu.pl\/wp-content\/uploads\/2021\/06\/Adam-Rokowski-Obrazkow-umiejscownienie-25x20-cm-tempera-na-desce-2018-815x1024-1.jpg\" alt=\"\" data-id=\"145\" data-full-url=\"http:\/\/www.malarstwo.ws.ujd.edu.pl\/wp-content\/uploads\/2021\/06\/Adam-Rokowski-Obrazkow-umiejscownienie-25x20-cm-tempera-na-desce-2018-815x1024-1.jpg\" data-link=\"http:\/\/www.malarstwo.ws.ujd.edu.pl\/index.php\/dr-adam-rokowski\/adam-rokowski-obrazkow-umiejscownienie-25x20-cm-tempera-na-desce-2018-815x1024-1\/\" class=\"wp-image-145\" srcset=\"http:\/\/www.malarstwo.ws.ujd.edu.pl\/wp-content\/uploads\/2021\/06\/Adam-Rokowski-Obrazkow-umiejscownienie-25x20-cm-tempera-na-desce-2018-815x1024-1.jpg 815w, http:\/\/www.malarstwo.ws.ujd.edu.pl\/wp-content\/uploads\/2021\/06\/Adam-Rokowski-Obrazkow-umiejscownienie-25x20-cm-tempera-na-desce-2018-815x1024-1-239x300.jpg 239w, http:\/\/www.malarstwo.ws.ujd.edu.pl\/wp-content\/uploads\/2021\/06\/Adam-Rokowski-Obrazkow-umiejscownienie-25x20-cm-tempera-na-desce-2018-815x1024-1-768x965.jpg 768w\" sizes=\"(max-width: 815px) 100vw, 815px\" \/><\/figure><\/li><\/ul><\/figure>\n","protected":false},"excerpt":{"rendered":"<p>Urodzony w 1977 r.Studia w Instytucie Plastyki WSP w Cz\u0119stochowie (obecnie Uniwersytet im. Jana D\u0142ugosza), dyplom w pracowni malarstwa prof. Wincentego Maszkowskiego, obroniony z wyr\u00f3\u017cnieniem w 2002 roku.&nbsp;W latach 2009-2012 uczestnik \u015arodowiskowych Studi\u00f3w Doktoranckich na Akademii Sztuk Pi\u0119knych w Krakowie. W 2015 roku Wydziale Malarstwa ASP w Krakowie obroni\u0142 prac\u0119 doktorsk\u0105 pod kierunkiem prof. Zbigniewa [&hellip;]<\/p>\n","protected":false},"author":2,"featured_media":0,"parent":0,"menu_order":0,"comment_status":"closed","ping_status":"closed","template":"","meta":[],"_links":{"self":[{"href":"http:\/\/www.malarstwo.ws.ujd.edu.pl\/index.php\/wp-json\/wp\/v2\/pages\/136"}],"collection":[{"href":"http:\/\/www.malarstwo.ws.ujd.edu.pl\/index.php\/wp-json\/wp\/v2\/pages"}],"about":[{"href":"http:\/\/www.malarstwo.ws.ujd.edu.pl\/index.php\/wp-json\/wp\/v2\/types\/page"}],"author":[{"embeddable":true,"href":"http:\/\/www.malarstwo.ws.ujd.edu.pl\/index.php\/wp-json\/wp\/v2\/users\/2"}],"replies":[{"embeddable":true,"href":"http:\/\/www.malarstwo.ws.ujd.edu.pl\/index.php\/wp-json\/wp\/v2\/comments?post=136"}],"version-history":[{"count":3,"href":"http:\/\/www.malarstwo.ws.ujd.edu.pl\/index.php\/wp-json\/wp\/v2\/pages\/136\/revisions"}],"predecessor-version":[{"id":233,"href":"http:\/\/www.malarstwo.ws.ujd.edu.pl\/index.php\/wp-json\/wp\/v2\/pages\/136\/revisions\/233"}],"wp:attachment":[{"href":"http:\/\/www.malarstwo.ws.ujd.edu.pl\/index.php\/wp-json\/wp\/v2\/media?parent=136"}],"curies":[{"name":"wp","href":"https:\/\/api.w.org\/{rel}","templated":true}]}}