{"id":15,"date":"2021-06-02T13:28:07","date_gmt":"2021-06-02T11:28:07","guid":{"rendered":"http:\/\/www.malarstwo.ws.ujd.edu.pl\/?page_id=15"},"modified":"2021-07-15T13:34:23","modified_gmt":"2021-07-15T11:34:23","slug":"pracownie","status":"publish","type":"page","link":"http:\/\/www.malarstwo.ws.ujd.edu.pl\/index.php\/pracownie\/","title":{"rendered":"Pracownie"},"content":{"rendered":"\n<p class=\"has-text-align-center\">G\u0141\u00d3WNE OBSZARY BADAWCZE PRACOWNIK\u00d3W KATEDRY MALARSTWA<\/p>\n\n\n\n<p class=\"has-text-align-center\">Od zarania dziej\u00f3w sztuki na obraz, jako dzie\u0142o, wielki wp\u0142yw mia\u0142 artysta oddzia\u0142uj\u0105c na epok\u0119, w kt\u00f3rej tworzy\u0142. Wi\u0105za\u0142o si\u0119 to z wiedz\u0105, wierzeniami i rozwojem cywilizacyjnym. Forma dzie\u0142a uzale\u017cniona by\u0142a r\u00f3wnie\u017c od funkcji, jak\u0105 mia\u0142o pe\u0142ni\u0107. Zmienn\u0105 jest tak\u017ce filozofia samego obrazu, jego relacja z odbiorc\u0105.<\/p>\n\n\n\n<p class=\"has-text-align-center\">W obszar zainteresowa\u0144 badawczych pracownik\u00f3w Katedry Malarstwa wchodzi:<\/p>\n\n\n\n<p class=\"has-text-align-center\">&#8211; Prowadzenie analizy relacji mi\u0119dzy form\u0105 a tre\u015bci\u0105, zastosowan\u0105 technik\u0105 a kszta\u0142tem realizacji, wp\u0142ywem w\u0142asnych prze\u017cy\u0107, uczu\u0107, jak r\u00f3wnie\u017c postrzegania otaczaj\u0105cego nas \u015bwiata oraz rzeczywisto\u015bci na ekspresj\u0119 i dynamik\u0119 dzie\u0142a;<\/p>\n\n\n\n<p class=\"has-text-align-center\">&#8211; Przegl\u0105d postaw tw\u00f3rczych, analiza tendencji w sztukach wizualnych w Europie i na \u015bwiecie<br>w zakresie medi\u00f3w malarskich i rysunkowych;<\/p>\n\n\n\n<p class=\"has-text-align-center\">&#8211; Obecno\u015b\u0107 medium rysunkowego w obrazowaniu malarskim; zjawisko rysunku i rysowania,<br>w kontek\u015bcie bezustannie zmieniaj\u0105cych si\u0119 uwarunkowa\u0144 sztuki;<\/p>\n\n\n\n<p class=\"has-text-align-center\">&#8211; Analiza historii, tradycji i kultury r\u00f3\u017cnych region\u00f3w \u015bwiata, ich wp\u0142yw na spos\u00f3b postrzegania wsp\u00f3\u0142czesnych zjawisk kulturowych oraz ich konfrontacja z najnowszymi postawami<br>i kierunkami poszukiwa\u0144 artystycznych;<\/p>\n\n\n\n<p class=\"has-text-align-center\">Zwie\u0144czeniem bada\u0144 w Katedrze Malarstwa s\u0105 obrazy, obiekty, instalacje artystyczne, realizowane z pe\u0142n\u0105 \u015bwiadomo\u015bci\u0105 i znawstwem doboru \u015brodk\u00f3w technologicznych.<br>W kompozycjach wielkoformatowych (\u015bciennych) wa\u017cnym elementem jest wp\u0142yw na otoczenie i odbi\u00f3r spo\u0142eczny.<\/p>\n","protected":false},"excerpt":{"rendered":"<p>G\u0141\u00d3WNE OBSZARY BADAWCZE PRACOWNIK\u00d3W KATEDRY MALARSTWA Od zarania dziej\u00f3w sztuki na obraz, jako dzie\u0142o, wielki wp\u0142yw mia\u0142 artysta oddzia\u0142uj\u0105c na epok\u0119, w kt\u00f3rej tworzy\u0142. Wi\u0105za\u0142o si\u0119 to z wiedz\u0105, wierzeniami i rozwojem cywilizacyjnym. Forma dzie\u0142a uzale\u017cniona by\u0142a r\u00f3wnie\u017c od funkcji, jak\u0105 mia\u0142o pe\u0142ni\u0107. Zmienn\u0105 jest tak\u017ce filozofia samego obrazu, jego relacja z odbiorc\u0105. W obszar [&hellip;]<\/p>\n","protected":false},"author":2,"featured_media":0,"parent":0,"menu_order":0,"comment_status":"closed","ping_status":"closed","template":"","meta":[],"_links":{"self":[{"href":"http:\/\/www.malarstwo.ws.ujd.edu.pl\/index.php\/wp-json\/wp\/v2\/pages\/15"}],"collection":[{"href":"http:\/\/www.malarstwo.ws.ujd.edu.pl\/index.php\/wp-json\/wp\/v2\/pages"}],"about":[{"href":"http:\/\/www.malarstwo.ws.ujd.edu.pl\/index.php\/wp-json\/wp\/v2\/types\/page"}],"author":[{"embeddable":true,"href":"http:\/\/www.malarstwo.ws.ujd.edu.pl\/index.php\/wp-json\/wp\/v2\/users\/2"}],"replies":[{"embeddable":true,"href":"http:\/\/www.malarstwo.ws.ujd.edu.pl\/index.php\/wp-json\/wp\/v2\/comments?post=15"}],"version-history":[{"count":2,"href":"http:\/\/www.malarstwo.ws.ujd.edu.pl\/index.php\/wp-json\/wp\/v2\/pages\/15\/revisions"}],"predecessor-version":[{"id":320,"href":"http:\/\/www.malarstwo.ws.ujd.edu.pl\/index.php\/wp-json\/wp\/v2\/pages\/15\/revisions\/320"}],"wp:attachment":[{"href":"http:\/\/www.malarstwo.ws.ujd.edu.pl\/index.php\/wp-json\/wp\/v2\/media?parent=15"}],"curies":[{"name":"wp","href":"https:\/\/api.w.org\/{rel}","templated":true}]}}