{"id":156,"date":"2021-06-05T13:15:39","date_gmt":"2021-06-05T11:15:39","guid":{"rendered":"http:\/\/www.malarstwo.ws.ujd.edu.pl\/?page_id=156"},"modified":"2021-06-05T18:41:02","modified_gmt":"2021-06-05T16:41:02","slug":"mgr-justyna-warwas","status":"publish","type":"page","link":"http:\/\/www.malarstwo.ws.ujd.edu.pl\/index.php\/mgr-justyna-warwas\/","title":{"rendered":"mgr Justyna Warwas"},"content":{"rendered":"\n<div class=\"wp-block-image is-style-rounded\"><figure class=\"aligncenter size-large\"><img loading=\"lazy\" width=\"276\" height=\"300\" src=\"http:\/\/www.malarstwo.ws.ujd.edu.pl\/wp-content\/uploads\/2021\/06\/JustynaW_20200123_12-01-45_EOSR0102-copy-276x300-1.jpg\" alt=\"\" class=\"wp-image-157\"\/><\/figure><\/div>\n\n\n\n<p class=\"has-text-align-center\">Malarka, nauczyciel akademicki (Katedra Malarstwa Uniwersytetu Humanistyczno-Przyrodniczego im. Jana D\u0142ugosza w Cz\u0119stochowie). Zajmuje si\u0119 r\u00f3wnie\u017c rysunkiem oraz fotografi\u0105.<br>Wsp\u00f3\u0142organizator Mi\u0119dzynarodowego Biennale Miniatury w Cz\u0119stochowie. Jej prace mo\u017cna ogl\u0105da\u0107 na wystawach w Polsce i na \u015bwiecie (m.in. Nowy Jork,<br>Chiny, Nepal, Tajwan, S\u0142owenia, Bu\u0142garia, Chorwacja, Austria, Wietnam). Podr\u00f3\u017ce s\u0105 dla niej najwi\u0119ksz\u0105 inspiracj\u0105 w procesie tw\u00f3rczym. Zakochana w Azjii kulturze Wschodu.<\/p>\n\n\n\n<h4 class=\"has-text-align-left\">Wystawy indywidualne:<\/h4>\n\n\n\n<ul><li>2011 \u2013 \u201ePlay with us\u201d, Barwoteka, Cracow, Poland<\/li><li>2012 \u2013 \u201eI put a spell on you\u2026\u201d, Centrum Promocji M\u0142odych, Muzeum Cz\u0119stochowskie, Poland<\/li><li>2013 \u2013 \u201eWe want your soul\u201d, O\u015brodek Promocji Kultury Gaude Mater, Cz\u0119stochowa, Poland<\/li><li>2013 \u2013 Painting exhibition, Liptovsk\u00e9 m\u00fazeum v Ru\u017eomberku, Slovakia<\/li><li>2013 \u2013 \u201eMade in Poland\u201d, Gallery @40SO, Patchogue, New York, USA<\/li><li>2015 \u2013 \u201eJustyna\u2019s collages\u201d , Akademicka Przestrze\u0144 Sztuki Wydzia\u0142u Sztuk Pi\u0119knych Uniwersytetu Miko\u0142aja Kopernika w Toruniu, Poland<\/li><li>2015 \u2013 Painting exhibition \u2013 StrefART Gallery, Tychy, Poland<\/li><li>2016 \u2013 Painting exhibition \u2013 Imago Art Gallery, Katowice, Poland<\/li><li>2017 \u2013 Painting and drawing exhibition \u2013 \u201eKorridor\u201d Gallery, Uniwersity of Ostrava, Ostrawa, Czech Republic<\/li><li>2017 \u2013 Painting exhibition , ARTinspectorat Gallery, Mallnitz, Austria<\/li><li>2019 \u2013 \u201eFORCE of NATURE\u201d, painting exhibition, New Space Art Gallery, Hue, Vietnam<\/li><li>2019 \u2013 \u201eORGANICA\u201d, Apuri Gallery, Rijeka, Croatia<\/li><li>2019 \u2013 \u201eThe Big Bang Theory\u201d, Galeria NEXT, Bydgoszcz, Poland<\/li><\/ul>\n\n\n\n<h4>Wa\u017cniejsze wystawy zbiorowe:<\/h4>\n\n\n\n<p>\u2022 \u2013 Nord Art. 2012, Kunst in der Karlsh\u00fctte, B\u00fcdelsdorf, Niemcy (Germany)<br>\u2022 \u2013 \u201e10 PL\u201d \u2013 Liptovska Galeria Petra Michala Bohuna, Liptovski Mikulas, S\u0142owacja<br>(Slovakia)<br>\u2022 \u2013 OGRODY 2013, pokonkursowa wystawa malarstwa, BWA Zamek Ksi\u0105\u017c, Wa\u0142brzych<br>(Poland)<br>\u2022 \u2013 I Piotrkowskie Biennale Sztuki M\u0142odych, Piotrk\u00f3w Trybunalski (Poland)<br>\u2022 \u2013 \u201eLOVE&amp;PEACE\u201d \u2013 International exhibition, Academy of Fine Arts in Nepal, Katmandu,<br>Nepal (Nepal)<br>\u2022 \u2013 Islip Art Museum, East Islip NY, Special Exhibition FGM NY Symposium Artists<br>Exhibition, New York, Stany Zjednoczone (USA)<br>\u2022 \u2013 The 19th Da Dun Fine Arts Exhibition of Taichung City, Cultural Affairs Bureau,<br>Taichung City Government, Tajwan (Taiwan)<br>\u2022 \u2013 V Og\u00f3lnopolski Konkurs imienia Mariana Michalika na obraz dla m\u0142odych malarzy.<br>Triennale malarstwa, Cz\u0119stochowa 2013, Miejska Galeria Sztuki w Cz\u0119stochowie (Poland)<br>\u2022 \u2013 4 Triennale Polskiego Malarstwa Wsp\u00f3\u0142czesnego, JESIENNE KONFRONTACJE,<br>Rzesz\u00f3w (Poland)<br>\u2022 \u2013 II Og\u00f3lnopolski Konkurs Malarski im. Leona Wycz\u00f3\u0142kowskiego, BWA Bydgoszcz<br>(Poland)<br>\u2022 \u2013 Og\u00f3lnopolskie Biennale Sztuki, Salon Zimowy, Radom (Poland)<br>\u2022 \u2013 3rd International Oil Painting Art Camp and Exhibition, Zhangjiajie, Chiny (China)<br>\u2022 \u2013 Gala International Symposium of Art, Novi Sad, Serbia (Serbia)<br>\u2022 \u2013 Symposium Ceramicum \u2013 Mi\u0119dzynarodowe Sympozjum Artystyczne, Medana, S\u0142owenia<br>(Slovenia)<br>\u2022 \u2013 Second International Painting and Sculpture Symposium \u201eThe Now Inscrired Within<br>Us\u201d, Samokov, Bulgaria )<\/p>\n\n\n\n<figure class=\"wp-block-gallery columns-3 is-cropped\"><ul class=\"blocks-gallery-grid\"><li class=\"blocks-gallery-item\"><figure><img loading=\"lazy\" width=\"800\" height=\"800\" src=\"http:\/\/www.malarstwo.ws.ujd.edu.pl\/wp-content\/uploads\/2021\/06\/Justyna_Warwas_The-Big-Bang-Theory-technika-mieszana-na-plotnie-100x100cm.jpg\" alt=\"\" data-id=\"158\" data-full-url=\"http:\/\/www.malarstwo.ws.ujd.edu.pl\/wp-content\/uploads\/2021\/06\/Justyna_Warwas_The-Big-Bang-Theory-technika-mieszana-na-plotnie-100x100cm.jpg\" data-link=\"http:\/\/www.malarstwo.ws.ujd.edu.pl\/?attachment_id=158\" class=\"wp-image-158\" srcset=\"http:\/\/www.malarstwo.ws.ujd.edu.pl\/wp-content\/uploads\/2021\/06\/Justyna_Warwas_The-Big-Bang-Theory-technika-mieszana-na-plotnie-100x100cm.jpg 800w, http:\/\/www.malarstwo.ws.ujd.edu.pl\/wp-content\/uploads\/2021\/06\/Justyna_Warwas_The-Big-Bang-Theory-technika-mieszana-na-plotnie-100x100cm-300x300.jpg 300w, http:\/\/www.malarstwo.ws.ujd.edu.pl\/wp-content\/uploads\/2021\/06\/Justyna_Warwas_The-Big-Bang-Theory-technika-mieszana-na-plotnie-100x100cm-150x150.jpg 150w, http:\/\/www.malarstwo.ws.ujd.edu.pl\/wp-content\/uploads\/2021\/06\/Justyna_Warwas_The-Big-Bang-Theory-technika-mieszana-na-plotnie-100x100cm-768x768.jpg 768w\" sizes=\"(max-width: 800px) 100vw, 800px\" \/><\/figure><\/li><li class=\"blocks-gallery-item\"><figure><img loading=\"lazy\" width=\"800\" height=\"800\" src=\"http:\/\/www.malarstwo.ws.ujd.edu.pl\/wp-content\/uploads\/2021\/06\/Justyna_Warwas_UNDERconstruction-8-technika-mieszana-na-plotnie-80x80cm.jpg\" alt=\"\" data-id=\"159\" data-full-url=\"http:\/\/www.malarstwo.ws.ujd.edu.pl\/wp-content\/uploads\/2021\/06\/Justyna_Warwas_UNDERconstruction-8-technika-mieszana-na-plotnie-80x80cm.jpg\" data-link=\"http:\/\/www.malarstwo.ws.ujd.edu.pl\/?attachment_id=159\" class=\"wp-image-159\" srcset=\"http:\/\/www.malarstwo.ws.ujd.edu.pl\/wp-content\/uploads\/2021\/06\/Justyna_Warwas_UNDERconstruction-8-technika-mieszana-na-plotnie-80x80cm.jpg 800w, http:\/\/www.malarstwo.ws.ujd.edu.pl\/wp-content\/uploads\/2021\/06\/Justyna_Warwas_UNDERconstruction-8-technika-mieszana-na-plotnie-80x80cm-300x300.jpg 300w, http:\/\/www.malarstwo.ws.ujd.edu.pl\/wp-content\/uploads\/2021\/06\/Justyna_Warwas_UNDERconstruction-8-technika-mieszana-na-plotnie-80x80cm-150x150.jpg 150w, http:\/\/www.malarstwo.ws.ujd.edu.pl\/wp-content\/uploads\/2021\/06\/Justyna_Warwas_UNDERconstruction-8-technika-mieszana-na-plotnie-80x80cm-768x768.jpg 768w\" sizes=\"(max-width: 800px) 100vw, 800px\" \/><\/figure><\/li><li class=\"blocks-gallery-item\"><figure><img loading=\"lazy\" width=\"800\" height=\"800\" src=\"http:\/\/www.malarstwo.ws.ujd.edu.pl\/wp-content\/uploads\/2021\/06\/Justyna-Warwas-Supernatural-XVI-technika-mieszana-na-plotnie-80x80-cm.jpg\" alt=\"\" data-id=\"160\" data-full-url=\"http:\/\/www.malarstwo.ws.ujd.edu.pl\/wp-content\/uploads\/2021\/06\/Justyna-Warwas-Supernatural-XVI-technika-mieszana-na-plotnie-80x80-cm.jpg\" data-link=\"http:\/\/www.malarstwo.ws.ujd.edu.pl\/?attachment_id=160\" class=\"wp-image-160\" srcset=\"http:\/\/www.malarstwo.ws.ujd.edu.pl\/wp-content\/uploads\/2021\/06\/Justyna-Warwas-Supernatural-XVI-technika-mieszana-na-plotnie-80x80-cm.jpg 800w, http:\/\/www.malarstwo.ws.ujd.edu.pl\/wp-content\/uploads\/2021\/06\/Justyna-Warwas-Supernatural-XVI-technika-mieszana-na-plotnie-80x80-cm-300x300.jpg 300w, http:\/\/www.malarstwo.ws.ujd.edu.pl\/wp-content\/uploads\/2021\/06\/Justyna-Warwas-Supernatural-XVI-technika-mieszana-na-plotnie-80x80-cm-150x150.jpg 150w, http:\/\/www.malarstwo.ws.ujd.edu.pl\/wp-content\/uploads\/2021\/06\/Justyna-Warwas-Supernatural-XVI-technika-mieszana-na-plotnie-80x80-cm-768x768.jpg 768w\" sizes=\"(max-width: 800px) 100vw, 800px\" \/><\/figure><\/li><li class=\"blocks-gallery-item\"><figure><img loading=\"lazy\" width=\"668\" height=\"800\" src=\"http:\/\/www.malarstwo.ws.ujd.edu.pl\/wp-content\/uploads\/2021\/06\/ustyna-Warwas-Angry-Birds-Revolution-III-technika-mieszana-na-plotnie-100x120-cm.jpg\" alt=\"\" data-id=\"161\" data-full-url=\"http:\/\/www.malarstwo.ws.ujd.edu.pl\/wp-content\/uploads\/2021\/06\/ustyna-Warwas-Angry-Birds-Revolution-III-technika-mieszana-na-plotnie-100x120-cm.jpg\" data-link=\"http:\/\/www.malarstwo.ws.ujd.edu.pl\/?attachment_id=161\" class=\"wp-image-161\" srcset=\"http:\/\/www.malarstwo.ws.ujd.edu.pl\/wp-content\/uploads\/2021\/06\/ustyna-Warwas-Angry-Birds-Revolution-III-technika-mieszana-na-plotnie-100x120-cm.jpg 668w, http:\/\/www.malarstwo.ws.ujd.edu.pl\/wp-content\/uploads\/2021\/06\/ustyna-Warwas-Angry-Birds-Revolution-III-technika-mieszana-na-plotnie-100x120-cm-251x300.jpg 251w\" sizes=\"(max-width: 668px) 100vw, 668px\" \/><\/figure><\/li><\/ul><\/figure>\n","protected":false},"excerpt":{"rendered":"<p>Malarka, nauczyciel akademicki (Katedra Malarstwa Uniwersytetu Humanistyczno-Przyrodniczego im. Jana D\u0142ugosza w Cz\u0119stochowie). Zajmuje si\u0119 r\u00f3wnie\u017c rysunkiem oraz fotografi\u0105.Wsp\u00f3\u0142organizator Mi\u0119dzynarodowego Biennale Miniatury w Cz\u0119stochowie. Jej prace mo\u017cna ogl\u0105da\u0107 na wystawach w Polsce i na \u015bwiecie (m.in. Nowy Jork,Chiny, Nepal, Tajwan, S\u0142owenia, Bu\u0142garia, Chorwacja, Austria, Wietnam). Podr\u00f3\u017ce s\u0105 dla niej najwi\u0119ksz\u0105 inspiracj\u0105 w procesie tw\u00f3rczym. Zakochana w [&hellip;]<\/p>\n","protected":false},"author":2,"featured_media":0,"parent":0,"menu_order":0,"comment_status":"closed","ping_status":"closed","template":"","meta":[],"_links":{"self":[{"href":"http:\/\/www.malarstwo.ws.ujd.edu.pl\/index.php\/wp-json\/wp\/v2\/pages\/156"}],"collection":[{"href":"http:\/\/www.malarstwo.ws.ujd.edu.pl\/index.php\/wp-json\/wp\/v2\/pages"}],"about":[{"href":"http:\/\/www.malarstwo.ws.ujd.edu.pl\/index.php\/wp-json\/wp\/v2\/types\/page"}],"author":[{"embeddable":true,"href":"http:\/\/www.malarstwo.ws.ujd.edu.pl\/index.php\/wp-json\/wp\/v2\/users\/2"}],"replies":[{"embeddable":true,"href":"http:\/\/www.malarstwo.ws.ujd.edu.pl\/index.php\/wp-json\/wp\/v2\/comments?post=156"}],"version-history":[{"count":3,"href":"http:\/\/www.malarstwo.ws.ujd.edu.pl\/index.php\/wp-json\/wp\/v2\/pages\/156\/revisions"}],"predecessor-version":[{"id":236,"href":"http:\/\/www.malarstwo.ws.ujd.edu.pl\/index.php\/wp-json\/wp\/v2\/pages\/156\/revisions\/236"}],"wp:attachment":[{"href":"http:\/\/www.malarstwo.ws.ujd.edu.pl\/index.php\/wp-json\/wp\/v2\/media?parent=156"}],"curies":[{"name":"wp","href":"https:\/\/api.w.org\/{rel}","templated":true}]}}