{"id":166,"date":"2021-06-05T13:20:52","date_gmt":"2021-06-05T11:20:52","guid":{"rendered":"http:\/\/www.malarstwo.ws.ujd.edu.pl\/?page_id=166"},"modified":"2021-06-05T13:20:52","modified_gmt":"2021-06-05T11:20:52","slug":"mgr-artur-wawrzkiewicz","status":"publish","type":"page","link":"http:\/\/www.malarstwo.ws.ujd.edu.pl\/index.php\/mgr-artur-wawrzkiewicz\/","title":{"rendered":"mgr Artur Wawrzkiewicz"},"content":{"rendered":"\n<div class=\"wp-block-image is-style-rounded\"><figure class=\"aligncenter size-large\"><img loading=\"lazy\" width=\"253\" height=\"300\" src=\"http:\/\/www.malarstwo.ws.ujd.edu.pl\/wp-content\/uploads\/2021\/06\/zdjecie-1-253x300-1.jpg\" alt=\"\" class=\"wp-image-167\"\/><\/figure><\/div>\n\n\n\n<p>Artur Wawrzkiewicz ur. 2 lipca 1987 roku w Cz\u0119stochowie. Studia uko\u0144czone w roku 2014. Dyplom licencjacki na kierunku malarstwo, pod kierunkiem prof. W\u0142odzimierza Kuleja obroniony w lutym 2013 roku. Dyplom obroniony z wyr\u00f3\u017cnieniem. Tytu\u0142 magisterski kierunku Malarstwo \u2013 specjalizacja Malarstwo sztalugowe \u2013 otrzymany w czerwcu w roku 2014. Dyplom malarski pod kierunkiem prof. W\u0142odzimierza Kuleja obroniony z wyr\u00f3\u017cnieniem. Laureat XVI Festiwalu Sztuki Wysokiej \u201eStalowe Anio\u0142y\u201d w Bytomiu.&nbsp;<\/p>\n\n\n\n<p><strong>WYSTAWY INDYWIDUALNE:<\/strong><\/p>\n\n\n\n<p>\u2013 \u201eMoje Symbole w Przestrzeni\u201d \u2013 Cz\u0119stochowa, grudzie\u0144 2014 \u2013 \u201eKlubokawiarnia muzyczna Nuta\u201d.<br>\u2013 \u201eSymbolika Przestrzeni\u201d Wystawa Indywidualna \u2013 Ba\u0142tyckie Centrum Kultury w Ustce, Sierpie\u0144 2015.<br>\u2013&nbsp;\u201cPrzestrze\u0144 (Nie)Ludzka\u201d \u2013&nbsp;Wojew\u00f3dzka Biblioteka&nbsp;Publiczna&nbsp;w Krakowie&nbsp;,&nbsp;listopad 2018<br>\u2013 \u201eMoja Przestrze\u0144\u201d \u2013&nbsp;Filharmonia Cz\u0119stochowska im. Bronis\u0142awa Hubermana&nbsp;w Cz\u0119stochowie.&nbsp;Cz\u0119stochowa&nbsp;2018.<\/p>\n\n\n\n<p><strong>WYSTAWY ZBIOROWE:<\/strong><\/p>\n\n\n\n<p>\u2013 \u201ePiotrkowskie Biennale Sztuki\u201d \u2013 lipiec 2011, \u2013 ODA (o\u015brodek dzia\u0142a\u0144 artystycznych) Piotrk\u00f3w Trybunalski.<br>\u2013 \u201eRe\u201d \u2013 stycze\u0144 2012, \u2013 \u201eRegionalne stowarzyszenie zach\u0119ty sztuk pi\u0119knych w Cz\u0119stochowie\u201d.<br>\u2013 \u201eWystawa z pracowni rysunku i malarstwa\u201d \u2013 Jan\u00f3w 2012 \u2013 Galeria \u201ePo Schodkach\u201d.<br>\u2013 \u201eWystawa z pracowni rysunku i malarstwa\u201d \u2013 Myszk\u00f3w 2012 \u2013 Miejski dom kultury Myszk\u00f3w.<br>\u2013 \u201eAukcja m\u0142odej sztuki\u201d \u2013 Warszawa, lipiec 2012 \u2013 dom aukcyjny \u201edesa unicum\u201d.<br>\u2013 \u201eWystawa z pracowni rysunku i malarstwa\u201d \u2013 Poraj, luty 2013 \u2013 \u201eGaleria Sztuki Wsp\u00f3\u0142czesnej\u201d \u2013 Gminny O\u015brodek Kultury.<br>\u2013 \u201eMalarze\u201d \u2013 Cz\u0119stochowa, marzec 2013 \u2013 \u201eRegionalne stowarzyszenie zach\u0119ty sztuk pi\u0119knych w Cz\u0119stochowie\u201d.<br>\u2013 \u201eNoc Muze\u00f3w 2013\u201d \u2013 Bytom, maj 2013 \u2013 Muzeum G\u00f3rno\u015bl\u0105skie w Bytomiu.<br>\u2013 \u201eXIV Festiwal Sztuki Wysokiej\u201d \u2013 Bytom, czerwiec 2013 \u2013 Galeria Sztuki U\u017cytkowej.<br>\u2013 \u201eCzas\u201d \u2013 wystawa zbiorowa \u2013 Cz\u0119stochowa, czerwiec 2013 \u2013 Cafe Belg.<br>\u2013 \u201eII Piotrkowskie Biennale Sztuki\u201d \u2013 lipiec 2013 \u2013 ODA (o\u015brodek dzia\u0142a\u0144 artystycznych)<br>Piotrk\u00f3w Trybunalski.<br>\u2013 \u201eWystawa Malarstwa student\u00f3w AJD\u201d \u2013 Cz\u0119stochowa, wrzesie\u0144 2013 \u2013 Seta i Galareta.<br>\u2013 \u201eWystawa z pracowni rysunku i malarstwa\u201d \u2013 Tychy, maj 2014 \u2013 Galeria \u201eStrefart\u201d \u2013 Katowicka Specjalna Strefa Ekonomiczna S.A.<br>\u2013 \u201eWystawa prac student\u00f3w Katedry Malarstwa Akademii im. Jana D\u0142ugosza w Cz\u0119stochowie\u201d \u2013 D\u0105browa G\u00f3rnicza, marzec 2014 \u2013 Galeria \u201eNa strychu\u201d \u2013 Zesp\u00f3\u0142 Szk\u00f3\u0142 Plastycznych w D\u0105browie G\u00f3rniczej.<br>\u2013 \u201eKonfrontacje \u201e \u2013 Cz\u0119stochowa, maj 2014 \u2013 \u201eRegionalne stowarzyszenie zach\u0119ty sztuk pi\u0119knych w Cz\u0119stochowie\u201d.<br>\u2013 \u201eMalarze. Edycja 2\u201d \u2013 Cz\u0119stochowa, czerwiec 2014 \u2013 \u201eRegionalne stowarzyszenie zach\u0119ty sztuk pi\u0119knych w Cz\u0119stochowie\u201d.<br>\u2013 \u201eWystawa pracowni dyplomowej prof. W. Kuleja i ad D. S\u0142oty\u201d- Cz\u0119stochowa, wrzesie\u0144 2014 \u2013 Galeria \u201eArt Foto\u201d \u2013 \u201eRegionalny O\u015brodek Kultury w Cz\u0119stochowie\u201d.<br>\u2013 \u201eMorze Postawy Interpretacje\u201d Mi\u0119dzynarodowa wystawa sztuki marynistycznej \u2013 Poraj, marzec 2015. \u2013 \u201eGaleria sztuki wsp\u00f3\u0142czesnej \u2013 GOK\u201d.<br>\u2013 \u201eW Kr\u0119gu Morza\u201d Mi\u0119dzynarodowa wystawa sztuki marynistycznej \u2013 Kozieg\u0142owy, kwiecie\u0144 2015- \u201eGaleria Promo Arte\u201d.<br>\u2013 \u201eStrefa Morza\u201d Mi\u0119dzynarodowa wystawa sztuki marynistycznej \u2013 Tychy, czerwiec 2015 \u2013 Galeria \u201eStrefart\u201d \u2013 Katowicka Specjalna Strefa Ekonomiczna S.A.<br>\u2013 16 Festiwal Sztuki Wysokiej \u201eZaparowani 2015\u201d \u2013 Galeria \u201eStalowe Anio\u0142y\u201d w Bytomiu \u2013 Bytom, czerwiec 2015.<br>\u2013 Og\u00f3lnopolska Wystawa Poplenerowa \u201eM2 \u2013 Jak Morze\u201d \/Kurator, aran\u017cacja wystawy\/ \u2013 Ba\u0142tyckie Centrum Kultury w Ustce \u2013 Ustka, sierpie\u0144 2015.<br>\u2013 \u201eMalarze 3\u201d wystawa Pracownik\u00f3w i Student\u00f3w Katedry Malarstwa AJD w Cz\u0119stochowie \u2013 Galeria -\u201eKonduktorownia\u201d w Cz\u0119stochowie \u2013 Cz\u0119stochowa, pa\u017adziernik 2015.<br>\u2013 \u201eRysunkarze\u201d wystawa Pracownik\u00f3w i Student\u00f3w Katedry Malarstwa AJD w Cz\u0119stochowie \u2013 Galeria \u201eKonduktorownia\u201d w Cz\u0119stochowie \u2013 Cz\u0119stochowa, czerwiec 2016.<br>\u2013 \u201eM jak Morze3\u201d, wystawa poplenerowa, Pomorski Oddzia\u0142 Stowarzyszenia Marynist\u00f3w Polskich w Ustce. Miejska Biblioteka Publiczna w Cz\u0142uchowie. Cz\u0142uch\u00f3w 2016.<br>-\u201eMalarze 4\u201d, Wystawa pracownik\u00f3w i student\u00f3w Katedry Malarstwa AJD w Cz\u0119stochowie, Regionalne Towarzystwo Zach\u0119ty Sztuk Pi\u0119knych w Cz\u0119stochowie. Cz\u0119stochowa 2016<br>\u2013 \u201eM jak Morze3\u201d, wystawa poplenerowa, Pomorski Oddzia\u0142 Stowarzyszenia Marynist\u00f3w Polskich w Ustce. Ratusz Miasta S\u0142upsk. S\u0142upsk 2016.<br>\u2013 \u201eM jak Morze3\u201d wystawa poplenerowa, Pomorski Oddzia\u0142 Stowarzyszenia Marynist\u00f3w Polskich w Ustce. Starostwo Powiatowe w S\u0142upsku, Centrum Edukacji Regionalnej 2016.<br>\u2013 \u201eHoryzonty\u201d, Mi\u0119dzynarodowa Wystawa Malarstwa Marynist\u00f3w \u2013 Galeria \u201eGaude Matter\u201d. Cz\u0119stochowa 2017.<br>\u2013 \u201eWIELOznaczno\u015b\u0107\u201d, wystawa Pracowni Katedry Malarstwa \u2013 Galeria \u201eKu\u017anicza\u201d. Wroc\u0142aw 2017.<br>\u2013 \u201eDyplomy \u2013 Grafika Malarstwo Muzyka\u201d\u2019, Miejska Galeria Sztuki w Cz\u0119stochowie \u2013 Cz\u0119stochowa 2017.<br>-\u201dM jak Morze 4\u201d, wystawa poplenerowa, Pomorski Oddzia\u0142 Stowarzyszenia Marynist\u00f3w Polskich w Ustce. Centrum Aktywno\u015bci Tw\u00f3rczej w Ustce 2017.<br>\u2013 \u201e9\/10\u201d Wystawa absolwent\u00f3w kierunku malarstwo AJD w Cz\u0119stochowie, Galeria 113, ISP AJD w Cz\u0119stochowie. Cz\u0119stochowa 2017.<br>\u2013 \u201eXVIII Festiwal Sztuki Wysokiej\u201d, Galeria \u201eStalowe Anio\u0142y\u201d. Bytom 2017.<br>-\u201dWielorako\u015b\u0107\u201d, Galeria Sztuki Pa\u0142acu Kultury Zag\u0142\u0119bia, D\u0105browa G\u00f3rnicza. 2017.<br>-\u201dWielobarwno\u015b\u0107\u201d, Kaplica Pa\u0142acu Zespo\u0142u Pie\u015bni i Ta\u0144ca \u201c\u015al\u0105sk\u201d im. Stanis\u0142awa Hadyny, Kosz\u0119cin 2017.<br>-\u201dNie Sztuk\u0105 Pomaga\u0107\u201d, Galeria 13,&nbsp;Wydzia\u0142&nbsp;Architektury Pwr,&nbsp;Wroc\u0142aw 2017.<br>-\u201dPoplenerowa wystawa IX Szyd\u0142owieckiego Pleneru Malarskiego\u201d, Galeria Kaplica Zamkowa, Szyd\u0142owiec 2018.<br>-\u201eXIX Festiwal Sztuki Wysokiej\u201d, Galeria \u201eStalowe Anio\u0142y\u201d. Bytom 2018.<br>-\u201dMasuria4\u201d, Muzeum Monet i Medali Jana Paw\u0142a II. Cz\u0119stochowa 2018.<br>-\u201dHoryzonty2\u201d, Wystawa Malarstwa Marynist\u00f3w, Galeria Sztuki Wsp\u00f3\u0142czesnej Dom \u015arodowisk Tw\u00f3rczych. Kielce 2018.<br>\u2013 \u201eZawsze z Nadziej\u0105\u201d, Kaplica Pa\u0142acu Zespo\u0142u Pie\u015bni i Ta\u0144ca \u201c\u015al\u0105sk\u201d im. Stanis\u0142awa Hadyny, Kosz\u0119cin 2018.<br>\u2013 \u201eCollaborative Project\u201d, Chiang Mai University Art Center, Chiang Mai, Tajlandia, 2018.<br>-\u201eWielokrotno\u015b\u0107\u201d, Szyd\u0142owieckie Centrum Kultury \u2013 Zamek, Szyd\u0142owiec. 2018.<br>\u2013 \u201eYoung Generation\u201d, \u2013 4 Mi\u0119dzynarodowy Festiwal Incident-Accident, Muzeum Cz\u0119stochowskie, Pawilon Wystawowy w Parku im. Staszica. Cz\u0119stochowa 2018.<br>-\u201dKultura w Sztuce, Sztuka w Kulturze. Naukowe aspekty procesu tw\u00f3rczego\u201d,Galeria \u201eKonduktorownia\u201d w Cz\u0119stochowie \u2013 Cz\u0119stochowa 2018.<br>-\u201dOgrody Sztuki Stanis\u0142awa Hadyny\u201d, Pa\u0142ac Zespo\u0142u Pie\u015bni i Ta\u0144ca \u201c\u015al\u0105sk\u201d im. Stanis\u0142awa Hadyny, Kosz\u0119cin 2019.<br>-\u201dStop!Smog\u201d, Galeria Dobrej Sztuki, Muzeum Cz\u0119stochowskie, Cz\u0119stochowa 2019.-\u201dStop!Smog\u201d, Konferencja Walka ze smogiem na terenach wiejskich i uzdrowiskowych, Ustro\u0144 2019.<br>-\u201dStop!Smog\u201d, II Mi\u0119dzynarodowy Kongres Naukowy \u2013 Zr\u00f3wnowa\u017cony Rozw\u00f3j \u2013 Perspektywy na Przysz\u0142o\u015b\u0107, Zabrze 2019.<br>-\u201dStop!Smog\u201d, Europejski Kongres Gospodarczy, Katowice 2019.<br>-\u201dStop!Smog\u201d\u2019- Dom Polski Po\u0142udniowej w Brukseli, Belgia 2019.<br>-\u201dSENS \u2013 Sztuka Edukacja Nauka Sens\u201d \u2013 Miejska Galeria Sztuki w Cz\u0119stochowie, Cz\u0119stochowa 2019.<br>\u2013 \u201eMINI:MAL\u201d- Galeria \u201eNAGA\u201d, Sosnowiec 2019.<br>\u2013 \u201eRealizm a zmys\u0142y mami \u2013 Sen I\u201d, Galeria \u201eGaude Matter\u201d w Cz\u0119stochowie, Cz\u0119stochowa 2019.<br>\u2013 \u201eRealizm a zmys\u0142y mami \u2013 Sen II\u201d, Muzeum Cz\u0119stochowskie, Pawilon Wystawowy w Parku im. Staszica. Cz\u0119stochowa 2019.<br>\u2013 \u201eRealizm a zmys\u0142y mami \u2013 Sen III\u201d, Galeria \u201eKonduktorownia\u201d w Cz\u0119stochowie \u2013 Cz\u0119stochowa 2019.<\/p>\n\n\n\n<p><strong>SYMPOZJA\/KONFERENCJE:<\/strong><\/p>\n\n\n\n<p>\u2013 Sympozjum \u201ePostawy i Motywacje w Sztuce\u201d \u2013 Referat: \u201em\u00f3j \u015bwiat \u2013 przestrze\u0144 portretu\u201d \u2013 Ba\u0142tyckie Centrum Kultury w Ustce \u2013 Ustka, sierpie\u0144 2016.<br>\u2013 I Mi\u0119dzynarodowa Konferencja i wystawa : \u201eKultura w Sztuce, Sztuka w Kulturze. Naukowe aspekty procesu tw\u00f3rczego\u201d, Cz\u0119stochowa 2018r.<\/p>\n\n\n\n<p><strong>KURATOR:<\/strong><\/p>\n\n\n\n<p>\u2013 Kurator wystawy \u2013 \u201eYoung Generation\u201d, \u2013 4 Festiwal Incident-Accident, Muzeum Cz\u0119stochowskie, Pawilon Wystawowy w Parku im. Staszica. Cz\u0119stochowa 2018.<br>\u2013 Kurator wystawy \u2013 I Mi\u0119dzynarodowa Konferencja i wystawa : \u201eKultura w Sztuce, Sztuka w Kulturze. Naukowe aspekty procesu tw\u00f3rczego\u201d, Cz\u0119stochowa 2018r.<br>-Kurator wystawy \u201eDYPLOMY\u201d \u2013 \u201dSENS \u2013 Sztuka Edukacja Nauka Sens\u201d \u2013 Miejska Galeria Sztuki w Cz\u0119stochowie, Cz\u0119stochowa 2019<\/p>\n\n\n\n<figure class=\"wp-block-gallery columns-3 is-cropped\"><ul class=\"blocks-gallery-grid\"><li class=\"blocks-gallery-item\"><figure><img loading=\"lazy\" width=\"885\" height=\"1024\" src=\"http:\/\/www.malarstwo.ws.ujd.edu.pl\/wp-content\/uploads\/2021\/06\/16-1-885x1024-1.jpg\" alt=\"\" data-id=\"168\" data-full-url=\"http:\/\/www.malarstwo.ws.ujd.edu.pl\/wp-content\/uploads\/2021\/06\/16-1-885x1024-1.jpg\" data-link=\"http:\/\/www.malarstwo.ws.ujd.edu.pl\/?attachment_id=168\" class=\"wp-image-168\" srcset=\"http:\/\/www.malarstwo.ws.ujd.edu.pl\/wp-content\/uploads\/2021\/06\/16-1-885x1024-1.jpg 885w, http:\/\/www.malarstwo.ws.ujd.edu.pl\/wp-content\/uploads\/2021\/06\/16-1-885x1024-1-259x300.jpg 259w, http:\/\/www.malarstwo.ws.ujd.edu.pl\/wp-content\/uploads\/2021\/06\/16-1-885x1024-1-768x889.jpg 768w\" sizes=\"(max-width: 885px) 100vw, 885px\" \/><\/figure><\/li><li class=\"blocks-gallery-item\"><figure><img loading=\"lazy\" width=\"684\" height=\"1024\" src=\"http:\/\/www.malarstwo.ws.ujd.edu.pl\/wp-content\/uploads\/2021\/06\/24-1-684x1024-1.jpg\" alt=\"\" data-id=\"169\" data-full-url=\"http:\/\/www.malarstwo.ws.ujd.edu.pl\/wp-content\/uploads\/2021\/06\/24-1-684x1024-1.jpg\" data-link=\"http:\/\/www.malarstwo.ws.ujd.edu.pl\/?attachment_id=169\" class=\"wp-image-169\" srcset=\"http:\/\/www.malarstwo.ws.ujd.edu.pl\/wp-content\/uploads\/2021\/06\/24-1-684x1024-1.jpg 684w, http:\/\/www.malarstwo.ws.ujd.edu.pl\/wp-content\/uploads\/2021\/06\/24-1-684x1024-1-200x300.jpg 200w\" sizes=\"(max-width: 684px) 100vw, 684px\" \/><figcaption class=\"blocks-gallery-item__caption\">SONY DSC<\/figcaption><\/figure><\/li><li class=\"blocks-gallery-item\"><figure><img loading=\"lazy\" width=\"766\" height=\"1024\" src=\"http:\/\/www.malarstwo.ws.ujd.edu.pl\/wp-content\/uploads\/2021\/06\/25-766x1024-1.jpg\" alt=\"\" data-id=\"170\" data-full-url=\"http:\/\/www.malarstwo.ws.ujd.edu.pl\/wp-content\/uploads\/2021\/06\/25-766x1024-1.jpg\" data-link=\"http:\/\/www.malarstwo.ws.ujd.edu.pl\/?attachment_id=170\" class=\"wp-image-170\" srcset=\"http:\/\/www.malarstwo.ws.ujd.edu.pl\/wp-content\/uploads\/2021\/06\/25-766x1024-1.jpg 766w, http:\/\/www.malarstwo.ws.ujd.edu.pl\/wp-content\/uploads\/2021\/06\/25-766x1024-1-224x300.jpg 224w\" sizes=\"(max-width: 766px) 100vw, 766px\" \/><figcaption class=\"blocks-gallery-item__caption\">SONY DSC<\/figcaption><\/figure><\/li><li class=\"blocks-gallery-item\"><figure><img loading=\"lazy\" width=\"855\" height=\"1024\" src=\"http:\/\/www.malarstwo.ws.ujd.edu.pl\/wp-content\/uploads\/2021\/06\/A-Wawrzkiewicz-1-855x1024-1.jpg\" alt=\"\" data-id=\"171\" data-full-url=\"http:\/\/www.malarstwo.ws.ujd.edu.pl\/wp-content\/uploads\/2021\/06\/A-Wawrzkiewicz-1-855x1024-1.jpg\" data-link=\"http:\/\/www.malarstwo.ws.ujd.edu.pl\/?attachment_id=171\" class=\"wp-image-171\" srcset=\"http:\/\/www.malarstwo.ws.ujd.edu.pl\/wp-content\/uploads\/2021\/06\/A-Wawrzkiewicz-1-855x1024-1.jpg 855w, http:\/\/www.malarstwo.ws.ujd.edu.pl\/wp-content\/uploads\/2021\/06\/A-Wawrzkiewicz-1-855x1024-1-250x300.jpg 250w, http:\/\/www.malarstwo.ws.ujd.edu.pl\/wp-content\/uploads\/2021\/06\/A-Wawrzkiewicz-1-855x1024-1-768x920.jpg 768w\" sizes=\"(max-width: 855px) 100vw, 855px\" \/><\/figure><\/li><\/ul><\/figure>\n","protected":false},"excerpt":{"rendered":"<p>Artur Wawrzkiewicz ur. 2 lipca 1987 roku w Cz\u0119stochowie. Studia uko\u0144czone w roku 2014. Dyplom licencjacki na kierunku malarstwo, pod kierunkiem prof. W\u0142odzimierza Kuleja obroniony w lutym 2013 roku. Dyplom obroniony z wyr\u00f3\u017cnieniem. Tytu\u0142 magisterski kierunku Malarstwo \u2013 specjalizacja Malarstwo sztalugowe \u2013 otrzymany w czerwcu w roku 2014. Dyplom malarski pod kierunkiem prof. W\u0142odzimierza Kuleja [&hellip;]<\/p>\n","protected":false},"author":2,"featured_media":0,"parent":0,"menu_order":0,"comment_status":"closed","ping_status":"closed","template":"","meta":[],"_links":{"self":[{"href":"http:\/\/www.malarstwo.ws.ujd.edu.pl\/index.php\/wp-json\/wp\/v2\/pages\/166"}],"collection":[{"href":"http:\/\/www.malarstwo.ws.ujd.edu.pl\/index.php\/wp-json\/wp\/v2\/pages"}],"about":[{"href":"http:\/\/www.malarstwo.ws.ujd.edu.pl\/index.php\/wp-json\/wp\/v2\/types\/page"}],"author":[{"embeddable":true,"href":"http:\/\/www.malarstwo.ws.ujd.edu.pl\/index.php\/wp-json\/wp\/v2\/users\/2"}],"replies":[{"embeddable":true,"href":"http:\/\/www.malarstwo.ws.ujd.edu.pl\/index.php\/wp-json\/wp\/v2\/comments?post=166"}],"version-history":[{"count":2,"href":"http:\/\/www.malarstwo.ws.ujd.edu.pl\/index.php\/wp-json\/wp\/v2\/pages\/166\/revisions"}],"predecessor-version":[{"id":341,"href":"http:\/\/www.malarstwo.ws.ujd.edu.pl\/index.php\/wp-json\/wp\/v2\/pages\/166\/revisions\/341"}],"wp:attachment":[{"href":"http:\/\/www.malarstwo.ws.ujd.edu.pl\/index.php\/wp-json\/wp\/v2\/media?parent=166"}],"curies":[{"name":"wp","href":"https:\/\/api.w.org\/{rel}","templated":true}]}}