{"id":17,"date":"2021-06-02T13:28:08","date_gmt":"2021-06-02T11:28:08","guid":{"rendered":"http:\/\/www.malarstwo.ws.ujd.edu.pl\/?page_id=17"},"modified":"2024-05-26T09:20:04","modified_gmt":"2024-05-26T07:20:04","slug":"efekty-uczenia","status":"publish","type":"page","link":"http:\/\/www.malarstwo.ws.ujd.edu.pl\/index.php\/efekty-uczenia\/","title":{"rendered":"Efekty Uczenia"},"content":{"rendered":"\n<h2>Zak\u0142adane efekty uczenia<\/h2>\n\n\n\n<p>Kierunek Malarstwo zosta\u0142 zaprojektowany tak, aby rozwija\u0107 w studentach nie tylko umiej\u0119tno\u015bci artystyczne, ale tak\u017ce kreatywno\u015b\u0107, wra\u017cliwo\u015b\u0107 estetyczn\u0105 oraz zdolno\u015b\u0107 analizy i interpretacji sztuki. W poni\u017cszym za\u0142\u0105czniku przedstawiamy zak\u0142adane efekty uczenia:<br><\/p>\n\n\n\n<div class=\"wp-block-file\"><a href=\"http:\/\/www.malarstwo.ws.ujd.edu.pl\/wp-content\/uploads\/2023\/12\/efekty_uczenia_1_2_stopien_malarstwo.pdf\">efekty_uczenia_1_2_stopien_malarstwo<\/a><a href=\"http:\/\/www.malarstwo.ws.ujd.edu.pl\/wp-content\/uploads\/2023\/12\/efekty_uczenia_1_2_stopien_malarstwo.pdf\" class=\"wp-block-file__button\" download>Pobierz<\/a><\/div>\n\n\n\n<p><\/p>\n","protected":false},"excerpt":{"rendered":"<p>Zak\u0142adane efekty uczenia Kierunek Malarstwo zosta\u0142 zaprojektowany tak, aby rozwija\u0107 w studentach nie tylko umiej\u0119tno\u015bci artystyczne, ale tak\u017ce kreatywno\u015b\u0107, wra\u017cliwo\u015b\u0107 estetyczn\u0105 oraz zdolno\u015b\u0107 analizy i interpretacji sztuki. W poni\u017cszym za\u0142\u0105czniku przedstawiamy zak\u0142adane efekty uczenia:<\/p>\n","protected":false},"author":2,"featured_media":0,"parent":0,"menu_order":0,"comment_status":"closed","ping_status":"closed","template":"","meta":[],"_links":{"self":[{"href":"http:\/\/www.malarstwo.ws.ujd.edu.pl\/index.php\/wp-json\/wp\/v2\/pages\/17"}],"collection":[{"href":"http:\/\/www.malarstwo.ws.ujd.edu.pl\/index.php\/wp-json\/wp\/v2\/pages"}],"about":[{"href":"http:\/\/www.malarstwo.ws.ujd.edu.pl\/index.php\/wp-json\/wp\/v2\/types\/page"}],"author":[{"embeddable":true,"href":"http:\/\/www.malarstwo.ws.ujd.edu.pl\/index.php\/wp-json\/wp\/v2\/users\/2"}],"replies":[{"embeddable":true,"href":"http:\/\/www.malarstwo.ws.ujd.edu.pl\/index.php\/wp-json\/wp\/v2\/comments?post=17"}],"version-history":[{"count":4,"href":"http:\/\/www.malarstwo.ws.ujd.edu.pl\/index.php\/wp-json\/wp\/v2\/pages\/17\/revisions"}],"predecessor-version":[{"id":750,"href":"http:\/\/www.malarstwo.ws.ujd.edu.pl\/index.php\/wp-json\/wp\/v2\/pages\/17\/revisions\/750"}],"wp:attachment":[{"href":"http:\/\/www.malarstwo.ws.ujd.edu.pl\/index.php\/wp-json\/wp\/v2\/media?parent=17"}],"curies":[{"name":"wp","href":"https:\/\/api.w.org\/{rel}","templated":true}]}}