{"id":18,"date":"2021-06-02T13:28:08","date_gmt":"2021-06-02T11:28:08","guid":{"rendered":"http:\/\/www.malarstwo.ws.ujd.edu.pl\/?page_id=18"},"modified":"2023-12-11T22:01:20","modified_gmt":"2023-12-11T21:01:20","slug":"kontakt","status":"publish","type":"page","link":"http:\/\/www.malarstwo.ws.ujd.edu.pl\/index.php\/kontakt\/","title":{"rendered":"Kontakt"},"content":{"rendered":"\n<h2>Kontakt<\/h2>\n\n\n\n<p>W razie pyta\u0144 czy w\u0105tpliwo\u015bci, \u015bmia\u0142o skontaktujcie si\u0119 z nami. Jeste\u015bmy do dyspozycji, aby pom\u00f3c w ka\u017cdej sprawie zwi\u0105zanej z waszym do\u015bwiadczeniem studenckim.<\/p>\n\n\n\n<p>Cieszcie si\u0119 czasem na uczelni i powodzenia w Waszych studiach!<\/p>\n\n\n\n<hr class=\"wp-block-separator\"\/>\n\n\n\n<p class=\"has-text-align-center\">Ul. Jerzego Waszyngtona 4\/8, pi\u0119tro 1, sala 123.<\/p>\n\n\n\n<p class=\"has-text-align-center\"><strong>Katedra Malarstwa \u2013 tel:+48 34 378 43 55<br>Biuro Kierownika Katedry \u2013 tel:+48 34 378 43 57<br>Dziekanat Wydzia\u0142u Sztuki \u2013 tel:+48 34 378 42 34<\/strong><\/p>\n\n\n\n<p class=\"has-text-align-center\"><a href=\"https:\/\/www.facebook.com\/katedramalarstwaujd\">.facebook.com\/katedramalarstwaujd<\/a><\/p>\n\n\n\n<p class=\"has-text-align-center\">ig: malarstwo_ujd_czestochowa<\/p>\n\n\n\n<p class=\"has-text-align-center\"><\/p>\n\n\n\n<iframe src=\"https:\/\/www.google.com\/maps\/embed?pb=!1m18!1m12!1m3!1d2521.0549865216553!2d19.114130642613254!3d50.81161990950318!2m3!1f0!2f0!3f0!3m2!1i1024!2i768!4f13.1!3m3!1m2!1s0x4710b5da94de4619%3A0xc96046791178b3b6!2sUniwersytet%20Humanistyczno-Przyrodniczy%20im.%20Jana%20D%C5%82ugosza%20w%20Cz%C4%99stochowie!5e0!3m2!1spl!2spl!4v1622911747894!5m2!1spl!2spl\" style=\"border:0;\" allowfullscreen=\"\" loading=\"lazy\" width=\"600\" height=\"450\"><\/iframe>\n","protected":false},"excerpt":{"rendered":"<p>Kontakt W razie pyta\u0144 czy w\u0105tpliwo\u015bci, \u015bmia\u0142o skontaktujcie si\u0119 z nami. Jeste\u015bmy do dyspozycji, aby pom\u00f3c w ka\u017cdej sprawie zwi\u0105zanej z waszym do\u015bwiadczeniem studenckim. Cieszcie si\u0119 czasem na uczelni i powodzenia w Waszych studiach! Ul. Jerzego Waszyngtona 4\/8, pi\u0119tro 1, sala 123. Katedra Malarstwa \u2013 tel:+48 34 378 43 55Biuro Kierownika Katedry \u2013 tel:+48 34 [&hellip;]<\/p>\n","protected":false},"author":2,"featured_media":0,"parent":0,"menu_order":0,"comment_status":"closed","ping_status":"closed","template":"","meta":[],"_links":{"self":[{"href":"http:\/\/www.malarstwo.ws.ujd.edu.pl\/index.php\/wp-json\/wp\/v2\/pages\/18"}],"collection":[{"href":"http:\/\/www.malarstwo.ws.ujd.edu.pl\/index.php\/wp-json\/wp\/v2\/pages"}],"about":[{"href":"http:\/\/www.malarstwo.ws.ujd.edu.pl\/index.php\/wp-json\/wp\/v2\/types\/page"}],"author":[{"embeddable":true,"href":"http:\/\/www.malarstwo.ws.ujd.edu.pl\/index.php\/wp-json\/wp\/v2\/users\/2"}],"replies":[{"embeddable":true,"href":"http:\/\/www.malarstwo.ws.ujd.edu.pl\/index.php\/wp-json\/wp\/v2\/comments?post=18"}],"version-history":[{"count":8,"href":"http:\/\/www.malarstwo.ws.ujd.edu.pl\/index.php\/wp-json\/wp\/v2\/pages\/18\/revisions"}],"predecessor-version":[{"id":372,"href":"http:\/\/www.malarstwo.ws.ujd.edu.pl\/index.php\/wp-json\/wp\/v2\/pages\/18\/revisions\/372"}],"wp:attachment":[{"href":"http:\/\/www.malarstwo.ws.ujd.edu.pl\/index.php\/wp-json\/wp\/v2\/media?parent=18"}],"curies":[{"name":"wp","href":"https:\/\/api.w.org\/{rel}","templated":true}]}}