{"id":244,"date":"2021-06-07T10:58:12","date_gmt":"2021-06-07T08:58:12","guid":{"rendered":"http:\/\/www.malarstwo.ws.ujd.edu.pl\/?page_id=244"},"modified":"2024-05-25T09:44:46","modified_gmt":"2024-05-25T07:44:46","slug":"student","status":"publish","type":"page","link":"http:\/\/www.malarstwo.ws.ujd.edu.pl\/index.php\/student\/","title":{"rendered":"Student"},"content":{"rendered":"\n<h1>Przydatne informacje dla Student\u00f3w<\/h1>\n\n\n\n<p>Witajcie Studenci!<\/p>\n\n\n\n<p>Cieszymy si\u0119, \u017ce jeste\u015bcie z nami! Poni\u017cej znajdziecie zestawienie przydatnych plik\u00f3w i link\u00f3w, kt\u00f3re u\u0142atwi\u0105 Wam codzienne \u017cycie akademickie.<\/p>\n\n\n\n<p>Przydatne Linki dla Student\u00f3w:<\/p>\n\n\n\n<ol><li><strong>Og\u0142oszenia dla Student\u00f3w Wydzia\u0142u Sztuki<\/strong><br><a href=\"http:\/\/www.ws.ujd.edu.pl\/articles\/view\/ogoszenia-dla-studentow\" data-type=\"URL\" data-id=\"www.ws.ujd.edu.pl\/articles\/view\/ogoszenia-dla-studentow\">www.ws.ujd.edu.pl\/articles\/view\/ogoszenia-dla-studentow<\/a><\/li><li><strong>Biuro os\u00f3b z niepe\u0142nosprawno\u015bciami<\/strong><br><a href=\"http:\/\/bon.ujd.edu.pl\/\" data-type=\"URL\" data-id=\"bon.ujd.edu.pl\/\">bon.ujd.edu.pl<\/a><\/li><li><strong>Platforma e-learningowa:<\/strong><br><a href=\"https:\/\/enauka.ujd.edu.pl\/\" data-type=\"URL\" data-id=\"https:\/\/enauka.ujd.edu.pl\/\">enauka.ujd.edu.pl<\/a><\/li><li><strong>Biblioteka cyfrowa:<\/strong><br><a href=\"http:\/\/cyfrowa.bu.ujd.edu.pl\" data-type=\"URL\" data-id=\"cyfrowa.bu.ujd.edu.pl\">cyfrowa.bu.ujd.edu.pl<\/a><\/li><\/ol>\n\n\n\n<div class=\"wp-block-file\"><a href=\"http:\/\/www.malarstwo.ws.ujd.edu.pl\/wp-content\/uploads\/2023\/12\/instrukcja-dyplomowania.pdf\">instrukcja-dyplomowania<\/a><a href=\"http:\/\/www.malarstwo.ws.ujd.edu.pl\/wp-content\/uploads\/2023\/12\/instrukcja-dyplomowania.pdf\" class=\"wp-block-file__button\" download>Pobierz<\/a><\/div>\n\n\n\n<div class=\"wp-block-file\"><a href=\"http:\/\/www.malarstwo.ws.ujd.edu.pl\/wp-content\/uploads\/2023\/12\/zal_U_37.22_malarstwo-I-stop-program.pdf\">zal_U_37.22_malarstwo-I-stop-program<\/a><a href=\"http:\/\/www.malarstwo.ws.ujd.edu.pl\/wp-content\/uploads\/2023\/12\/zal_U_37.22_malarstwo-I-stop-program.pdf\" class=\"wp-block-file__button\" download>Pobierz<\/a><\/div>\n\n\n\n<div class=\"wp-block-file\"><a href=\"http:\/\/www.malarstwo.ws.ujd.edu.pl\/wp-content\/uploads\/2023\/12\/zal_U_37.22_malarstwo-I-stop_plan-stacj-2.pdf\">zal_U_37.22_malarstwo-I-stop_plan-stacj-2<\/a><a href=\"http:\/\/www.malarstwo.ws.ujd.edu.pl\/wp-content\/uploads\/2023\/12\/zal_U_37.22_malarstwo-I-stop_plan-stacj-2.pdf\" class=\"wp-block-file__button\" download>Pobierz<\/a><\/div>\n\n\n\n<div class=\"wp-block-file\"><a href=\"http:\/\/www.malarstwo.ws.ujd.edu.pl\/wp-content\/uploads\/2023\/12\/zal_U_37.22_malarstwo-I-stop-wykaz-1.pdf\">zal_U_37.22_malarstwo-I-stop-wykaz-1<\/a><a href=\"http:\/\/www.malarstwo.ws.ujd.edu.pl\/wp-content\/uploads\/2023\/12\/zal_U_37.22_malarstwo-I-stop-wykaz-1.pdf\" class=\"wp-block-file__button\" download>Pobierz<\/a><\/div>\n\n\n\n<div class=\"wp-block-file\"><a href=\"http:\/\/www.malarstwo.ws.ujd.edu.pl\/wp-content\/uploads\/2023\/12\/zal_U_39.22_malarstwo-II-stop-program.pdf\">zal_U_39.22_malarstwo-II-stop-program<\/a><a href=\"http:\/\/www.malarstwo.ws.ujd.edu.pl\/wp-content\/uploads\/2023\/12\/zal_U_39.22_malarstwo-II-stop-program.pdf\" class=\"wp-block-file__button\" download>Pobierz<\/a><\/div>\n\n\n\n<div class=\"wp-block-file\"><a href=\"http:\/\/www.malarstwo.ws.ujd.edu.pl\/wp-content\/uploads\/2023\/12\/zal_U_39.22_malarstwo-II-stop_plan-stacj.pdf\">zal_U_39.22_malarstwo-II-stop_plan-stacj<\/a><a href=\"http:\/\/www.malarstwo.ws.ujd.edu.pl\/wp-content\/uploads\/2023\/12\/zal_U_39.22_malarstwo-II-stop_plan-stacj.pdf\" class=\"wp-block-file__button\" download>Pobierz<\/a><\/div>\n\n\n\n<div class=\"wp-block-file\"><a href=\"http:\/\/www.malarstwo.ws.ujd.edu.pl\/wp-content\/uploads\/2023\/12\/zal_U_39.22_malarstwo-II-stop-wykaz.pdf\">zal_U_39.22_malarstwo-II-stop-wykaz<\/a><a href=\"http:\/\/www.malarstwo.ws.ujd.edu.pl\/wp-content\/uploads\/2023\/12\/zal_U_39.22_malarstwo-II-stop-wykaz.pdf\" class=\"wp-block-file__button\" download>Pobierz<\/a><\/div>\n\n\n\n<p><\/p>\n","protected":false},"excerpt":{"rendered":"<p>Przydatne informacje dla Student\u00f3w Witajcie Studenci! Cieszymy si\u0119, \u017ce jeste\u015bcie z nami! Poni\u017cej znajdziecie zestawienie przydatnych plik\u00f3w i link\u00f3w, kt\u00f3re u\u0142atwi\u0105 Wam codzienne \u017cycie akademickie. Przydatne Linki dla Student\u00f3w: Og\u0142oszenia dla Student\u00f3w Wydzia\u0142u Sztukiwww.ws.ujd.edu.pl\/articles\/view\/ogoszenia-dla-studentow Biuro os\u00f3b z niepe\u0142nosprawno\u015bciamibon.ujd.edu.pl Platforma e-learningowa:enauka.ujd.edu.pl Biblioteka cyfrowa:cyfrowa.bu.ujd.edu.pl<\/p>\n","protected":false},"author":2,"featured_media":0,"parent":0,"menu_order":0,"comment_status":"closed","ping_status":"closed","template":"","meta":[],"_links":{"self":[{"href":"http:\/\/www.malarstwo.ws.ujd.edu.pl\/index.php\/wp-json\/wp\/v2\/pages\/244"}],"collection":[{"href":"http:\/\/www.malarstwo.ws.ujd.edu.pl\/index.php\/wp-json\/wp\/v2\/pages"}],"about":[{"href":"http:\/\/www.malarstwo.ws.ujd.edu.pl\/index.php\/wp-json\/wp\/v2\/types\/page"}],"author":[{"embeddable":true,"href":"http:\/\/www.malarstwo.ws.ujd.edu.pl\/index.php\/wp-json\/wp\/v2\/users\/2"}],"replies":[{"embeddable":true,"href":"http:\/\/www.malarstwo.ws.ujd.edu.pl\/index.php\/wp-json\/wp\/v2\/comments?post=244"}],"version-history":[{"count":13,"href":"http:\/\/www.malarstwo.ws.ujd.edu.pl\/index.php\/wp-json\/wp\/v2\/pages\/244\/revisions"}],"predecessor-version":[{"id":731,"href":"http:\/\/www.malarstwo.ws.ujd.edu.pl\/index.php\/wp-json\/wp\/v2\/pages\/244\/revisions\/731"}],"wp:attachment":[{"href":"http:\/\/www.malarstwo.ws.ujd.edu.pl\/index.php\/wp-json\/wp\/v2\/media?parent=244"}],"curies":[{"name":"wp","href":"https:\/\/api.w.org\/{rel}","templated":true}]}}