{"id":258,"date":"2021-07-15T12:17:18","date_gmt":"2021-07-15T10:17:18","guid":{"rendered":"http:\/\/www.malarstwo.ws.ujd.edu.pl\/?page_id=258"},"modified":"2021-07-15T13:28:51","modified_gmt":"2021-07-15T11:28:51","slug":"pracownia-anatomia-ruchu","status":"publish","type":"page","link":"http:\/\/www.malarstwo.ws.ujd.edu.pl\/index.php\/pracownia-anatomia-ruchu\/","title":{"rendered":"Pracownia: ANATOMIA RUCHU"},"content":{"rendered":"\n<div class=\"wp-block-image is-style-rounded\"><figure class=\"aligncenter size-large is-resized\"><img loading=\"lazy\" src=\"http:\/\/www.malarstwo.ws.ujd.edu.pl\/wp-content\/uploads\/2021\/07\/Tadeusz-Kosela-portret-I-263x300-3.jpg\" alt=\"\" class=\"wp-image-259\" width=\"146\" height=\"166\"\/><figcaption>Prowadz\u0105cy: MGR<br>TADEUSZ KOSELA<\/figcaption><\/figure><\/div>\n\n\n\n<p class=\"has-text-align-center\">Wprowadzenie w budow\u0119 i mechanik\u0119 cia\u0142a cz\u0142owieka, umo\u017cliwiaj\u0105ce pog\u0142\u0119bienie pracy studyjnej z modelem w czasie zaj\u0119\u0107 rysunkowych i malarskich \u2013 studium aktu. Budowa anatomiczna cz\u0142owieka ze szczeg\u00f3lnym uwzgl\u0119dnieniem szkieletu i aparatu ruchowego \u2013 uk\u0142adu mi\u0119\u015bniowego. Szkielet cz\u0142owieka \u2013 analiza budowy i zale\u017cno\u015bci \u2013 czaszka, klatka piersiowa, kr\u0119gos\u0142up, miednica, ko\u0144czyny dolne, ko\u0144czyny g\u00f3rne. Anatomia g\u0142owy \u2013 struktura kostna, najwa\u017cniejsze mi\u0119\u015bnie g\u0142owy. Anatomia a wyraz twarzy \u2013 mimika twarzy. Uk\u0142ad mi\u0119\u015bniowy cz\u0142owieka \u2013 zasady og\u00f3lne budowy mi\u0119\u015bni, anatomia ruchu mi\u0119\u015bni. Samodzielne wykonanie rysunk\u00f3w tematycznych w oparciu o podstawy anatomii oraz konsultacje z prowadz\u0105cym na ka\u017cdym etapie wykonywania rysunk\u00f3w. Zaliczenie odbywa si\u0119 w formie przegl\u0105du prac, podczas kt\u00f3rego student powinien zaprezentowa\u0107 i om\u00f3wi\u0107 w\u0142asne prace.<\/p>\n","protected":false},"excerpt":{"rendered":"<p>Wprowadzenie w budow\u0119 i mechanik\u0119 cia\u0142a cz\u0142owieka, umo\u017cliwiaj\u0105ce pog\u0142\u0119bienie pracy studyjnej z modelem w czasie zaj\u0119\u0107 rysunkowych i malarskich \u2013 studium aktu. Budowa anatomiczna cz\u0142owieka ze szczeg\u00f3lnym uwzgl\u0119dnieniem szkieletu i aparatu ruchowego \u2013 uk\u0142adu mi\u0119\u015bniowego. Szkielet cz\u0142owieka \u2013 analiza budowy i zale\u017cno\u015bci \u2013 czaszka, klatka piersiowa, kr\u0119gos\u0142up, miednica, ko\u0144czyny dolne, ko\u0144czyny g\u00f3rne. Anatomia g\u0142owy \u2013 [&hellip;]<\/p>\n","protected":false},"author":2,"featured_media":0,"parent":0,"menu_order":0,"comment_status":"closed","ping_status":"closed","template":"","meta":[],"_links":{"self":[{"href":"http:\/\/www.malarstwo.ws.ujd.edu.pl\/index.php\/wp-json\/wp\/v2\/pages\/258"}],"collection":[{"href":"http:\/\/www.malarstwo.ws.ujd.edu.pl\/index.php\/wp-json\/wp\/v2\/pages"}],"about":[{"href":"http:\/\/www.malarstwo.ws.ujd.edu.pl\/index.php\/wp-json\/wp\/v2\/types\/page"}],"author":[{"embeddable":true,"href":"http:\/\/www.malarstwo.ws.ujd.edu.pl\/index.php\/wp-json\/wp\/v2\/users\/2"}],"replies":[{"embeddable":true,"href":"http:\/\/www.malarstwo.ws.ujd.edu.pl\/index.php\/wp-json\/wp\/v2\/comments?post=258"}],"version-history":[{"count":3,"href":"http:\/\/www.malarstwo.ws.ujd.edu.pl\/index.php\/wp-json\/wp\/v2\/pages\/258\/revisions"}],"predecessor-version":[{"id":316,"href":"http:\/\/www.malarstwo.ws.ujd.edu.pl\/index.php\/wp-json\/wp\/v2\/pages\/258\/revisions\/316"}],"wp:attachment":[{"href":"http:\/\/www.malarstwo.ws.ujd.edu.pl\/index.php\/wp-json\/wp\/v2\/media?parent=258"}],"curies":[{"name":"wp","href":"https:\/\/api.w.org\/{rel}","templated":true}]}}