{"id":263,"date":"2021-07-15T12:19:37","date_gmt":"2021-07-15T10:19:37","guid":{"rendered":"http:\/\/www.malarstwo.ws.ujd.edu.pl\/?page_id=263"},"modified":"2021-07-15T13:27:57","modified_gmt":"2021-07-15T11:27:57","slug":"pracownia-malarstwo-architektoniczne","status":"publish","type":"page","link":"http:\/\/www.malarstwo.ws.ujd.edu.pl\/index.php\/pracownia-malarstwo-architektoniczne\/","title":{"rendered":"Pracownia: MALARSTWO ARCHITEKTONICZNE"},"content":{"rendered":"\n<div class=\"wp-block-image is-style-rounded\"><figure class=\"aligncenter size-large is-resized\"><img loading=\"lazy\" src=\"http:\/\/www.malarstwo.ws.ujd.edu.pl\/wp-content\/uploads\/2021\/07\/Tadeusz-Kosela-portret-I-263x300-4.jpg\" alt=\"\" class=\"wp-image-264\" width=\"154\" height=\"176\"\/><figcaption>Prowadz\u0105cy: MGR <br>TADEUSZ KOSELA<\/figcaption><\/figure><\/div>\n\n\n\n<p class=\"has-text-align-center\">Zapoznanie z tradycyjnymi technikami malarstwa \u015bciennego: fresk mokry i fresk suchy, analiza dzie\u0142 znanych z historii sztuki. Zapoznanie z technik\u0105 z\u0142ocenia na Mixtion, technika temperowa, technika temperowo-wapienna. Problematyka z zakresu kompozycji, konstrukcji, koloru \u2013 \u015bwiat\u0142a, przestrzeni i materii malarskiej jako syntezy wielu dzia\u0142a\u0144 i zabieg\u00f3w formalnych artysty; przes\u0142anie a \u015brodki wyrazu artystycznego. Studia I stopnia \u2013 to zapoznanie si\u0119 z projektowaniem i realizacjami malarstwa w przestrzeniach urbanistyczno-architektonicznych na podstawie dokumentacji historycznych, jak i tradycyjnymi technikami starych mistrz\u00f3w. Projektowanie i realizacja malarstwa \u015bciennego we wn\u0119trzach mieszkalnych, jak i w miejscach u\u017cyteczno\u015bci publicznej oraz uk\u0142adu kolorystycznego uwzgl\u0119dniaj\u0105cego miejsce na realizacj\u0119 w\u0142asnego malarstwa \u2013 muralu.<\/p>\n","protected":false},"excerpt":{"rendered":"<p>Zapoznanie z tradycyjnymi technikami malarstwa \u015bciennego: fresk mokry i fresk suchy, analiza dzie\u0142 znanych z historii sztuki. Zapoznanie z technik\u0105 z\u0142ocenia na Mixtion, technika temperowa, technika temperowo-wapienna. Problematyka z zakresu kompozycji, konstrukcji, koloru \u2013 \u015bwiat\u0142a, przestrzeni i materii malarskiej jako syntezy wielu dzia\u0142a\u0144 i zabieg\u00f3w formalnych artysty; przes\u0142anie a \u015brodki wyrazu artystycznego. Studia I stopnia [&hellip;]<\/p>\n","protected":false},"author":2,"featured_media":0,"parent":0,"menu_order":0,"comment_status":"closed","ping_status":"closed","template":"","meta":[],"_links":{"self":[{"href":"http:\/\/www.malarstwo.ws.ujd.edu.pl\/index.php\/wp-json\/wp\/v2\/pages\/263"}],"collection":[{"href":"http:\/\/www.malarstwo.ws.ujd.edu.pl\/index.php\/wp-json\/wp\/v2\/pages"}],"about":[{"href":"http:\/\/www.malarstwo.ws.ujd.edu.pl\/index.php\/wp-json\/wp\/v2\/types\/page"}],"author":[{"embeddable":true,"href":"http:\/\/www.malarstwo.ws.ujd.edu.pl\/index.php\/wp-json\/wp\/v2\/users\/2"}],"replies":[{"embeddable":true,"href":"http:\/\/www.malarstwo.ws.ujd.edu.pl\/index.php\/wp-json\/wp\/v2\/comments?post=263"}],"version-history":[{"count":3,"href":"http:\/\/www.malarstwo.ws.ujd.edu.pl\/index.php\/wp-json\/wp\/v2\/pages\/263\/revisions"}],"predecessor-version":[{"id":315,"href":"http:\/\/www.malarstwo.ws.ujd.edu.pl\/index.php\/wp-json\/wp\/v2\/pages\/263\/revisions\/315"}],"wp:attachment":[{"href":"http:\/\/www.malarstwo.ws.ujd.edu.pl\/index.php\/wp-json\/wp\/v2\/media?parent=263"}],"curies":[{"name":"wp","href":"https:\/\/api.w.org\/{rel}","templated":true}]}}