{"id":271,"date":"2021-07-15T12:25:34","date_gmt":"2021-07-15T10:25:34","guid":{"rendered":"http:\/\/www.malarstwo.ws.ujd.edu.pl\/?page_id=271"},"modified":"2023-12-12T22:22:29","modified_gmt":"2023-12-12T21:22:29","slug":"rysunek-uzupelniajaca-pracownia-dyplomowa-ii","status":"publish","type":"page","link":"http:\/\/www.malarstwo.ws.ujd.edu.pl\/index.php\/rysunek-uzupelniajaca-pracownia-dyplomowa-ii\/","title":{"rendered":"RYSUNEK \u2013 UZUPE\u0141NIAJ\u0104CA PRACOWNIA DYPLOMOWA II"},"content":{"rendered":"\n<div class=\"wp-block-image is-style-rounded\"><figure class=\"aligncenter is-resized\"><img loading=\"lazy\" src=\"http:\/\/www.malarstwo.ws.ujd.edu.pl\/wp-content\/uploads\/2021\/06\/portret-farby-300x244-1.jpg\" alt=\"\" width=\"227\" height=\"185\"\/><figcaption>Prowadz\u0105cy:<br>DR HAB. BARTOSZ FR\u0104CZEK, PROF. UJD<\/figcaption><\/figure><\/div>\n\n\n\n<p class=\"has-text-align-center\">Celem nauczania przedmiotu pod nazw\u0105 \u201erysunek\u201d jest przekazanie studentom podstaw wiedzy w zakresie omawianego przedmiotu oraz zdobycie do\u015bwiadczenia umo\u017cliwiaj\u0105cego kszta\u0142towanie i rozw\u00f3j w\u0142asnej pracy tw\u00f3rczej. Wynika z tego potrzeba prowadzenia zaj\u0119\u0107 w taki spos\u00f3b, aby umo\u017cliwi\u0107 studentowi zapoznanie si\u0119 z r\u00f3\u017cnymi sposobami dzia\u0142a\u0144 plastycznych, przekaza\u0107 mu maksymalny zakres wiedzy na ten temat, w celu kszta\u0142towania postawy analitycznej i tw\u00f3rczej. Wiedza artystyczna i formalna, warsztat rysunkowy oraz problemy kreacyjne s\u0142u\u017c\u0105ce kszta\u0142towaniu osobowo\u015bci tw\u00f3rczej studenta, przenikaj\u0105 si\u0119 wzajemnie w ca\u0142ym procesie kszta\u0142cenia.<\/p>\n","protected":false},"excerpt":{"rendered":"<p>Celem nauczania przedmiotu pod nazw\u0105 \u201erysunek\u201d jest przekazanie studentom podstaw wiedzy w zakresie omawianego przedmiotu oraz zdobycie do\u015bwiadczenia umo\u017cliwiaj\u0105cego kszta\u0142towanie i rozw\u00f3j w\u0142asnej pracy tw\u00f3rczej. Wynika z tego potrzeba prowadzenia zaj\u0119\u0107 w taki spos\u00f3b, aby umo\u017cliwi\u0107 studentowi zapoznanie si\u0119 z r\u00f3\u017cnymi sposobami dzia\u0142a\u0144 plastycznych, przekaza\u0107 mu maksymalny zakres wiedzy na ten temat, w celu kszta\u0142towania [&hellip;]<\/p>\n","protected":false},"author":2,"featured_media":0,"parent":0,"menu_order":0,"comment_status":"closed","ping_status":"closed","template":"","meta":[],"_links":{"self":[{"href":"http:\/\/www.malarstwo.ws.ujd.edu.pl\/index.php\/wp-json\/wp\/v2\/pages\/271"}],"collection":[{"href":"http:\/\/www.malarstwo.ws.ujd.edu.pl\/index.php\/wp-json\/wp\/v2\/pages"}],"about":[{"href":"http:\/\/www.malarstwo.ws.ujd.edu.pl\/index.php\/wp-json\/wp\/v2\/types\/page"}],"author":[{"embeddable":true,"href":"http:\/\/www.malarstwo.ws.ujd.edu.pl\/index.php\/wp-json\/wp\/v2\/users\/2"}],"replies":[{"embeddable":true,"href":"http:\/\/www.malarstwo.ws.ujd.edu.pl\/index.php\/wp-json\/wp\/v2\/comments?post=271"}],"version-history":[{"count":6,"href":"http:\/\/www.malarstwo.ws.ujd.edu.pl\/index.php\/wp-json\/wp\/v2\/pages\/271\/revisions"}],"predecessor-version":[{"id":379,"href":"http:\/\/www.malarstwo.ws.ujd.edu.pl\/index.php\/wp-json\/wp\/v2\/pages\/271\/revisions\/379"}],"wp:attachment":[{"href":"http:\/\/www.malarstwo.ws.ujd.edu.pl\/index.php\/wp-json\/wp\/v2\/media?parent=271"}],"curies":[{"name":"wp","href":"https:\/\/api.w.org\/{rel}","templated":true}]}}