{"id":300,"date":"2021-07-15T12:57:09","date_gmt":"2021-07-15T10:57:09","guid":{"rendered":"http:\/\/www.malarstwo.ws.ujd.edu.pl\/?page_id=300"},"modified":"2021-07-15T13:32:04","modified_gmt":"2021-07-15T11:32:04","slug":"pracownia-technologii-malarstwa","status":"publish","type":"page","link":"http:\/\/www.malarstwo.ws.ujd.edu.pl\/index.php\/pracownia-technologii-malarstwa\/","title":{"rendered":"PRACOWNIA TECHNOLOGII MALARSTWA"},"content":{"rendered":"\n<div class=\"wp-block-image is-style-rounded\"><figure class=\"aligncenter size-large is-resized\"><img loading=\"lazy\" src=\"http:\/\/www.malarstwo.ws.ujd.edu.pl\/wp-content\/uploads\/2021\/06\/geba-przed-plotnem-fragment-250x300-2.jpg\" alt=\"\" class=\"wp-image-138\" width=\"136\" height=\"163\"\/><figcaption> Prowadz\u0105cy: <br>DR ADAM ROKOWSKI<\/figcaption><\/figure><\/div>\n\n\n\n<p class=\"has-text-align-center\">W Pracowni Technologii Malarstwa prowadzone s\u0105 zaj\u0119cia praktyczne, w trakcie kt\u00f3rych studenci ucz\u0105 si\u0119 podstawowej wiedzy o technikach malarskich \u2013 od przygotowania podobrazi do samodzielnego wykonania farb. Na p\u00f3\u017aniejszych etapach kszta\u0142cenia zaj\u0119cia koncentruj\u0105 si\u0119 na mniej popularnych technikach temperowych, woskowych i podstawach poz\u0142otnictwa. Na studiach II stopnia, w ramach przedmiotu Klasyczne Techniki Malarskie, realizowane s\u0105 \u0107wiczenia z technik historycznych, obecnie ju\u017c coraz rzadziej stosowanych przez artyst\u00f3w, m.in. z techniki tempery bia\u0142kowej, w \u015bredniowieczu stosowanej do wykonywania miniatur. Zaj\u0119cia w Pracowni Technologii Malarstwa maj\u0105 przygotowa\u0107 student\u00f3w do pracy artystycznej od strony praktycznej, tak, aby wiedza tu zdobyta mog\u0142a by\u0107 wykorzystana podczas zaj\u0119\u0107 w innych pracowniach malarskich.<\/p>\n","protected":false},"excerpt":{"rendered":"<p>W Pracowni Technologii Malarstwa prowadzone s\u0105 zaj\u0119cia praktyczne, w trakcie kt\u00f3rych studenci ucz\u0105 si\u0119 podstawowej wiedzy o technikach malarskich \u2013 od przygotowania podobrazi do samodzielnego wykonania farb. Na p\u00f3\u017aniejszych etapach kszta\u0142cenia zaj\u0119cia koncentruj\u0105 si\u0119 na mniej popularnych technikach temperowych, woskowych i podstawach poz\u0142otnictwa. Na studiach II stopnia, w ramach przedmiotu Klasyczne Techniki Malarskie, realizowane s\u0105 [&hellip;]<\/p>\n","protected":false},"author":2,"featured_media":0,"parent":0,"menu_order":0,"comment_status":"closed","ping_status":"closed","template":"","meta":[],"_links":{"self":[{"href":"http:\/\/www.malarstwo.ws.ujd.edu.pl\/index.php\/wp-json\/wp\/v2\/pages\/300"}],"collection":[{"href":"http:\/\/www.malarstwo.ws.ujd.edu.pl\/index.php\/wp-json\/wp\/v2\/pages"}],"about":[{"href":"http:\/\/www.malarstwo.ws.ujd.edu.pl\/index.php\/wp-json\/wp\/v2\/types\/page"}],"author":[{"embeddable":true,"href":"http:\/\/www.malarstwo.ws.ujd.edu.pl\/index.php\/wp-json\/wp\/v2\/users\/2"}],"replies":[{"embeddable":true,"href":"http:\/\/www.malarstwo.ws.ujd.edu.pl\/index.php\/wp-json\/wp\/v2\/comments?post=300"}],"version-history":[{"count":2,"href":"http:\/\/www.malarstwo.ws.ujd.edu.pl\/index.php\/wp-json\/wp\/v2\/pages\/300\/revisions"}],"predecessor-version":[{"id":319,"href":"http:\/\/www.malarstwo.ws.ujd.edu.pl\/index.php\/wp-json\/wp\/v2\/pages\/300\/revisions\/319"}],"wp:attachment":[{"href":"http:\/\/www.malarstwo.ws.ujd.edu.pl\/index.php\/wp-json\/wp\/v2\/media?parent=300"}],"curies":[{"name":"wp","href":"https:\/\/api.w.org\/{rel}","templated":true}]}}