{"id":309,"date":"2021-07-15T13:23:37","date_gmt":"2021-07-15T11:23:37","guid":{"rendered":"http:\/\/www.malarstwo.ws.ujd.edu.pl\/?page_id=309"},"modified":"2021-07-15T13:24:37","modified_gmt":"2021-07-15T11:24:37","slug":"pracownia-dyplomowa-malarstwo-w-architekturze-i-urbanistyce","status":"publish","type":"page","link":"http:\/\/www.malarstwo.ws.ujd.edu.pl\/index.php\/pracownia-dyplomowa-malarstwo-w-architekturze-i-urbanistyce\/","title":{"rendered":"PRACOWNIA DYPLOMOWA \u2013 MALARSTWO W ARCHITEKTURZE I URBANISTYCE"},"content":{"rendered":"\n<div class=\"wp-block-image is-style-rounded\"><figure class=\"aligncenter size-large is-resized\"><img loading=\"lazy\" src=\"http:\/\/www.malarstwo.ws.ujd.edu.pl\/wp-content\/uploads\/2021\/06\/IMG_8491a-Copy-300x200-1.jpg\" alt=\"\" class=\"wp-image-44\" width=\"213\" height=\"142\"\/><figcaption> Prowadz\u0105cy:<br>PROF. JAROS\u0141AW KWECLICH<\/figcaption><\/figure><\/div>\n\n\n\n<div class=\"wp-block-image is-style-rounded\"><figure class=\"aligncenter size-large is-resized\"><img loading=\"lazy\" src=\"http:\/\/www.malarstwo.ws.ujd.edu.pl\/wp-content\/uploads\/2021\/07\/Tadeusz-Kosela-portret-I-263x300-3.jpg\" alt=\"\" class=\"wp-image-259\" width=\"126\" height=\"144\"\/><figcaption> Prowadz\u0105cy:<br>MGR TADEUSZ KOSELA<\/figcaption><\/figure><\/div>\n\n\n\n<p class=\"has-text-align-center\">Od zarania dziej\u00f3w sztuki na obraz, jako dzie\u0142o, wielki wp\u0142yw mia\u0142 artysta, oddzia\u0142uj\u0105c na epok\u0119, w kt\u00f3rej \u00f3w obraz powstawa\u0142. Wi\u0105za\u0142osi\u0119 to z wiedz\u0105, wierzeniami i rozwojem cywilizacyjnym. Kszta\u0142t dzie\u0142a uzale\u017cniony by\u0142 r\u00f3wnie\u017c od funkcji, jak\u0105 mia\u0142o pe\u0142ni\u0107. Zmienn\u0105 jest tak\u017ce filozofia samego obrazu, jego relacja z odbiorc\u0105. Badania realizowane w pracowni dyplomowej maj\u0105 na celu analiz\u0119 relacji mi\u0119dzy form\u0105 a tre\u015bci\u0105, zastosowan\u0105 technik\u0105 a kszta\u0142tem realizacji, wp\u0142ywem w\u0142asnych prze\u017cy\u0107, uczu\u0107, jak r\u00f3wnie\u017c postrzegania otaczaj\u0105cej rzeczywisto\u015bci na ekspresj\u0119 i dynamik\u0119 dzie\u0142a. Zwie\u0144czeniem bada\u0144 maj\u0105 by\u0107 obrazy, obiekty, instalacje artystyczne, realizowane z pe\u0142n\u0105 \u015bwiadomo\u015bci\u0105 i znawstwem doboru \u015brodk\u00f3w technologicznych. W kompozycjach wielkoformatowych (\u015bciennych) wa\u017cnym elementem jest wp\u0142yw na otoczenie i odbi\u00f3r spo\u0142eczny. Badania polegaj\u0105 na analizie zagadnie\u0144, takich jak: skala, dob\u00f3r tematu, wp\u0142ywu na przestrze\u0144, na architektur\u0119, w kt\u00f3rej owa realizacja ma zaistnie\u0107. Celem jest zaprojektowanie i stworzenie dzie\u0142a, kt\u00f3re stanie si\u0119 integraln\u0105 cz\u0119\u015bci\u0105 obiektu.<\/p>\n","protected":false},"excerpt":{"rendered":"<p>Od zarania dziej\u00f3w sztuki na obraz, jako dzie\u0142o, wielki wp\u0142yw mia\u0142 artysta, oddzia\u0142uj\u0105c na epok\u0119, w kt\u00f3rej \u00f3w obraz powstawa\u0142. Wi\u0105za\u0142osi\u0119 to z wiedz\u0105, wierzeniami i rozwojem cywilizacyjnym. Kszta\u0142t dzie\u0142a uzale\u017cniony by\u0142 r\u00f3wnie\u017c od funkcji, jak\u0105 mia\u0142o pe\u0142ni\u0107. Zmienn\u0105 jest tak\u017ce filozofia samego obrazu, jego relacja z odbiorc\u0105. Badania realizowane w pracowni dyplomowej maj\u0105 na [&hellip;]<\/p>\n","protected":false},"author":2,"featured_media":0,"parent":0,"menu_order":0,"comment_status":"closed","ping_status":"closed","template":"","meta":[],"_links":{"self":[{"href":"http:\/\/www.malarstwo.ws.ujd.edu.pl\/index.php\/wp-json\/wp\/v2\/pages\/309"}],"collection":[{"href":"http:\/\/www.malarstwo.ws.ujd.edu.pl\/index.php\/wp-json\/wp\/v2\/pages"}],"about":[{"href":"http:\/\/www.malarstwo.ws.ujd.edu.pl\/index.php\/wp-json\/wp\/v2\/types\/page"}],"author":[{"embeddable":true,"href":"http:\/\/www.malarstwo.ws.ujd.edu.pl\/index.php\/wp-json\/wp\/v2\/users\/2"}],"replies":[{"embeddable":true,"href":"http:\/\/www.malarstwo.ws.ujd.edu.pl\/index.php\/wp-json\/wp\/v2\/comments?post=309"}],"version-history":[{"count":2,"href":"http:\/\/www.malarstwo.ws.ujd.edu.pl\/index.php\/wp-json\/wp\/v2\/pages\/309\/revisions"}],"predecessor-version":[{"id":312,"href":"http:\/\/www.malarstwo.ws.ujd.edu.pl\/index.php\/wp-json\/wp\/v2\/pages\/309\/revisions\/312"}],"wp:attachment":[{"href":"http:\/\/www.malarstwo.ws.ujd.edu.pl\/index.php\/wp-json\/wp\/v2\/media?parent=309"}],"curies":[{"name":"wp","href":"https:\/\/api.w.org\/{rel}","templated":true}]}}