{"id":39,"date":"2021-06-04T19:19:04","date_gmt":"2021-06-04T17:19:04","guid":{"rendered":"http:\/\/www.malarstwo.ws.ujd.edu.pl\/?page_id=39"},"modified":"2024-05-26T09:25:08","modified_gmt":"2024-05-26T07:25:08","slug":"prof-jaroslaw-kweclich","status":"publish","type":"page","link":"http:\/\/www.malarstwo.ws.ujd.edu.pl\/index.php\/prof-jaroslaw-kweclich\/","title":{"rendered":"Prof. Jaros\u0142aw Kweclich"},"content":{"rendered":"\n<div class=\"wp-block-image is-style-rounded\"><figure class=\"aligncenter size-large is-resized\"><img loading=\"lazy\" src=\"http:\/\/www.malarstwo.ws.ujd.edu.pl\/wp-content\/uploads\/2021\/06\/IMG_8491a-Copy-300x200-1.jpg\" alt=\"\" class=\"wp-image-44\" width=\"302\" height=\"201\"\/><\/figure><\/div>\n\n\n\n<p class=\"has-text-align-center\" id=\"jaroslawkweclich\">Urodzony 1957 roku w Cz\u0119stochowie. W latach 1976 \u2013 1981 odbywa\u0142 studia na Wydziale Malarstwa krakowskiej Akademii Sztuk Pi\u0119knych, gdzie otrzyma\u0142 dyplom w pracowni Malarstwa sztalugowego u prof. Jana Szancenbacha oraz Malarstwa w architekturze<br> i urbanistyce u prof. Janiny Kraupe \u015awiderskiej.<\/p>\n\n\n\n<p class=\"has-text-align-center has-black-color has-text-color has-background\" style=\"background-color:#ffffff\">Od 1987 roku zwi\u0105zany z Uniwersytetem Humanistyczno \u2013 Przyrodniczym im. Jana D\u0142ugosza w Cz\u0119stochowie.<br>&nbsp; W 2012 roku uzyskuje tytu\u0142 profesora. Tw\u00f3rczo\u015b\u0107 w\u0142asna obejmuje malarstwo sztalugowe, monumentalne,<br>witra\u017c i rysunek. Wiod\u0105c\u0105 tematyk\u0105 prac malarskich jest szeroko poj\u0119ta kondycja ludzka i problemy egzystencji.<br>Autor wielu wystaw indywidualny, a tak\u017ce uczestnik licznych ekspozycji zbiorowych&nbsp; w kraju i zagranic\u0105.<br>Przyk\u0142adowo:<br>\u2013 Wystawa malarstwa, Burggalerie Jever, Niemcy 2010<br>\u2013 Wystawa malarstwa, Polish Art Gallery, Nowy York USA 2010<br>\u2013 Nord Art 2010\/2011\/2013 Kunst in der Carlshutte, Niemcy<br>\u2013 Fourth Beijing International Art Biennale, Chiny 2010<\/p>\n\n\n\n<figure class=\"wp-block-gallery columns-3 is-cropped\"><ul class=\"blocks-gallery-grid\"><li class=\"blocks-gallery-item\"><figure><img loading=\"lazy\" width=\"797\" height=\"1024\" src=\"http:\/\/www.malarstwo.ws.ujd.edu.pl\/wp-content\/uploads\/2021\/06\/czifu1-1-797x1024.jpg\" alt=\"\" data-id=\"41\" data-full-url=\"http:\/\/www.malarstwo.ws.ujd.edu.pl\/wp-content\/uploads\/2021\/06\/czifu1-1.jpg\" data-link=\"http:\/\/www.malarstwo.ws.ujd.edu.pl\/?attachment_id=41\" class=\"wp-image-41\" srcset=\"http:\/\/www.malarstwo.ws.ujd.edu.pl\/wp-content\/uploads\/2021\/06\/czifu1-1-797x1024.jpg 797w, http:\/\/www.malarstwo.ws.ujd.edu.pl\/wp-content\/uploads\/2021\/06\/czifu1-1-233x300.jpg 233w, http:\/\/www.malarstwo.ws.ujd.edu.pl\/wp-content\/uploads\/2021\/06\/czifu1-1-768x987.jpg 768w, http:\/\/www.malarstwo.ws.ujd.edu.pl\/wp-content\/uploads\/2021\/06\/czifu1-1.jpg 1195w\" sizes=\"(max-width: 797px) 100vw, 797px\" \/><\/figure><\/li><li class=\"blocks-gallery-item\"><figure><img loading=\"lazy\" width=\"772\" height=\"1024\" src=\"http:\/\/www.malarstwo.ws.ujd.edu.pl\/wp-content\/uploads\/2021\/06\/czifu2-772x1024.jpg\" alt=\"\" data-id=\"42\" data-full-url=\"http:\/\/www.malarstwo.ws.ujd.edu.pl\/wp-content\/uploads\/2021\/06\/czifu2.jpg\" data-link=\"http:\/\/www.malarstwo.ws.ujd.edu.pl\/?attachment_id=42\" class=\"wp-image-42\" srcset=\"http:\/\/www.malarstwo.ws.ujd.edu.pl\/wp-content\/uploads\/2021\/06\/czifu2-772x1024.jpg 772w, http:\/\/www.malarstwo.ws.ujd.edu.pl\/wp-content\/uploads\/2021\/06\/czifu2-226x300.jpg 226w, http:\/\/www.malarstwo.ws.ujd.edu.pl\/wp-content\/uploads\/2021\/06\/czifu2-768x1019.jpg 768w, http:\/\/www.malarstwo.ws.ujd.edu.pl\/wp-content\/uploads\/2021\/06\/czifu2.jpg 1158w\" sizes=\"(max-width: 772px) 100vw, 772px\" \/><\/figure><\/li><li class=\"blocks-gallery-item\"><figure><img loading=\"lazy\" width=\"718\" height=\"1024\" src=\"http:\/\/www.malarstwo.ws.ujd.edu.pl\/wp-content\/uploads\/2021\/06\/czifu3-718x1024.jpg\" alt=\"\" data-id=\"43\" data-full-url=\"http:\/\/www.malarstwo.ws.ujd.edu.pl\/wp-content\/uploads\/2021\/06\/czifu3.jpg\" data-link=\"http:\/\/www.malarstwo.ws.ujd.edu.pl\/?attachment_id=43\" class=\"wp-image-43\" srcset=\"http:\/\/www.malarstwo.ws.ujd.edu.pl\/wp-content\/uploads\/2021\/06\/czifu3-718x1024.jpg 718w, http:\/\/www.malarstwo.ws.ujd.edu.pl\/wp-content\/uploads\/2021\/06\/czifu3-210x300.jpg 210w, http:\/\/www.malarstwo.ws.ujd.edu.pl\/wp-content\/uploads\/2021\/06\/czifu3-768x1095.jpg 768w, http:\/\/www.malarstwo.ws.ujd.edu.pl\/wp-content\/uploads\/2021\/06\/czifu3.jpg 1077w\" sizes=\"(max-width: 718px) 100vw, 718px\" \/><\/figure><\/li><\/ul><\/figure>\n\n\n\n<p><\/p>\n","protected":false},"excerpt":{"rendered":"<p>Urodzony 1957 roku w Cz\u0119stochowie. W latach 1976 \u2013 1981 odbywa\u0142 studia na Wydziale Malarstwa krakowskiej Akademii Sztuk Pi\u0119knych, gdzie otrzyma\u0142 dyplom w pracowni Malarstwa sztalugowego u prof. Jana Szancenbacha oraz Malarstwa w architekturze i urbanistyce u prof. Janiny Kraupe \u015awiderskiej. Od 1987 roku zwi\u0105zany z Uniwersytetem Humanistyczno \u2013 Przyrodniczym im. Jana D\u0142ugosza w Cz\u0119stochowie.&nbsp; [&hellip;]<\/p>\n","protected":false},"author":1,"featured_media":0,"parent":0,"menu_order":0,"comment_status":"closed","ping_status":"closed","template":"","meta":[],"_links":{"self":[{"href":"http:\/\/www.malarstwo.ws.ujd.edu.pl\/index.php\/wp-json\/wp\/v2\/pages\/39"}],"collection":[{"href":"http:\/\/www.malarstwo.ws.ujd.edu.pl\/index.php\/wp-json\/wp\/v2\/pages"}],"about":[{"href":"http:\/\/www.malarstwo.ws.ujd.edu.pl\/index.php\/wp-json\/wp\/v2\/types\/page"}],"author":[{"embeddable":true,"href":"http:\/\/www.malarstwo.ws.ujd.edu.pl\/index.php\/wp-json\/wp\/v2\/users\/1"}],"replies":[{"embeddable":true,"href":"http:\/\/www.malarstwo.ws.ujd.edu.pl\/index.php\/wp-json\/wp\/v2\/comments?post=39"}],"version-history":[{"count":4,"href":"http:\/\/www.malarstwo.ws.ujd.edu.pl\/index.php\/wp-json\/wp\/v2\/pages\/39\/revisions"}],"predecessor-version":[{"id":757,"href":"http:\/\/www.malarstwo.ws.ujd.edu.pl\/index.php\/wp-json\/wp\/v2\/pages\/39\/revisions\/757"}],"wp:attachment":[{"href":"http:\/\/www.malarstwo.ws.ujd.edu.pl\/index.php\/wp-json\/wp\/v2\/media?parent=39"}],"curies":[{"name":"wp","href":"https:\/\/api.w.org\/{rel}","templated":true}]}}