{"id":758,"date":"2024-05-28T12:02:50","date_gmt":"2024-05-28T10:02:50","guid":{"rendered":"http:\/\/www.malarstwo.ws.ujd.edu.pl\/?page_id=758"},"modified":"2024-05-28T15:58:44","modified_gmt":"2024-05-28T13:58:44","slug":"jakosc-ksztalcenia","status":"publish","type":"page","link":"http:\/\/www.malarstwo.ws.ujd.edu.pl\/index.php\/jakosc-ksztalcenia\/","title":{"rendered":"JAKO\u015a\u0106 KSZTA\u0141CENIA"},"content":{"rendered":"\n<p>Programy Studi\u00f3w oraz Karty Przedmiot\u00f3w na rok akademicki 2024\/2025, dost\u0119pne b\u0119d\u0105 od lipca 2024. <\/p>\n","protected":false},"excerpt":{"rendered":"<p>Programy Studi\u00f3w oraz Karty Przedmiot\u00f3w na rok akademicki 2024\/2025, dost\u0119pne b\u0119d\u0105 od lipca 2024.<\/p>\n","protected":false},"author":2,"featured_media":0,"parent":0,"menu_order":0,"comment_status":"closed","ping_status":"closed","template":"","meta":[],"_links":{"self":[{"href":"http:\/\/www.malarstwo.ws.ujd.edu.pl\/index.php\/wp-json\/wp\/v2\/pages\/758"}],"collection":[{"href":"http:\/\/www.malarstwo.ws.ujd.edu.pl\/index.php\/wp-json\/wp\/v2\/pages"}],"about":[{"href":"http:\/\/www.malarstwo.ws.ujd.edu.pl\/index.php\/wp-json\/wp\/v2\/types\/page"}],"author":[{"embeddable":true,"href":"http:\/\/www.malarstwo.ws.ujd.edu.pl\/index.php\/wp-json\/wp\/v2\/users\/2"}],"replies":[{"embeddable":true,"href":"http:\/\/www.malarstwo.ws.ujd.edu.pl\/index.php\/wp-json\/wp\/v2\/comments?post=758"}],"version-history":[{"count":3,"href":"http:\/\/www.malarstwo.ws.ujd.edu.pl\/index.php\/wp-json\/wp\/v2\/pages\/758\/revisions"}],"predecessor-version":[{"id":764,"href":"http:\/\/www.malarstwo.ws.ujd.edu.pl\/index.php\/wp-json\/wp\/v2\/pages\/758\/revisions\/764"}],"wp:attachment":[{"href":"http:\/\/www.malarstwo.ws.ujd.edu.pl\/index.php\/wp-json\/wp\/v2\/media?parent=758"}],"curies":[{"name":"wp","href":"https:\/\/api.w.org\/{rel}","templated":true}]}}