{"id":79,"date":"2021-06-04T20:49:37","date_gmt":"2021-06-04T18:49:37","guid":{"rendered":"http:\/\/www.malarstwo.ws.ujd.edu.pl\/?page_id=79"},"modified":"2021-06-05T18:20:51","modified_gmt":"2021-06-05T16:20:51","slug":"dr-hab-janusz-glowacki","status":"publish","type":"page","link":"http:\/\/www.malarstwo.ws.ujd.edu.pl\/index.php\/dr-hab-janusz-glowacki\/","title":{"rendered":"dr hab. Janusz G\u0142owacki, prof. UJD"},"content":{"rendered":"\n<div class=\"wp-block-image is-style-rounded\"><figure class=\"aligncenter size-large is-resized\"><img loading=\"lazy\" src=\"http:\/\/www.malarstwo.ws.ujd.edu.pl\/wp-content\/uploads\/2021\/06\/JRG-1-1024x1024.jpg\" alt=\"\" class=\"wp-image-198\" width=\"247\" height=\"247\" srcset=\"http:\/\/www.malarstwo.ws.ujd.edu.pl\/wp-content\/uploads\/2021\/06\/JRG-1-1024x1024.jpg 1024w, http:\/\/www.malarstwo.ws.ujd.edu.pl\/wp-content\/uploads\/2021\/06\/JRG-1-300x300.jpg 300w, http:\/\/www.malarstwo.ws.ujd.edu.pl\/wp-content\/uploads\/2021\/06\/JRG-1-150x150.jpg 150w, http:\/\/www.malarstwo.ws.ujd.edu.pl\/wp-content\/uploads\/2021\/06\/JRG-1-768x769.jpg 768w, http:\/\/www.malarstwo.ws.ujd.edu.pl\/wp-content\/uploads\/2021\/06\/JRG-1.jpg 1079w\" sizes=\"(max-width: 247px) 100vw, 247px\" \/><\/figure><\/div>\n\n\n\n<p class=\"has-text-align-center\">Profesor nadzwyczajny w cz\u0119stochowskim  Uniwersytecie Humanistyczo-Przyrodniczym im. Jana D\u0142ugosza, prowadzi Pracowni\u0119 Dyplomow\u0105 Malarsk\u0105. W latach 1978-81 studiowa\u0142 Architektur\u0119 Wn\u0119trz w krakowskiej ASP. Od 1981 do 1985 studiowa\u0142 Grafik\u0119 Warsztatow\u0105 na tej uczelni, broni\u0105c dyplom w Pracowni prof. Andrzeja Pietscha. Zorganizowa\u0142 30 wystaw indywidualnych i uczestniczy\u0142 w 150wystawach zbiorowych. Bra\u0142 i bierze udzia\u0142 w wielu konkursach krajowych i mi\u0119dzynarodowych w kt\u00f3rych by\u0142 nagradzany i wyr\u00f3\u017cniany. Pokazywa\u0142 swoje prace za granic\u0105 &#8211; Japonia, Brazylia, Niemcy, Francja, Belgia, Szwecja, USA, W\u0142ochy.<\/p>\n\n\n\n<figure class=\"wp-block-gallery columns-1 is-cropped\"><ul class=\"blocks-gallery-grid\"><li class=\"blocks-gallery-item\"><figure><img loading=\"lazy\" width=\"1024\" height=\"340\" src=\"http:\/\/www.malarstwo.ws.ujd.edu.pl\/wp-content\/uploads\/2021\/06\/03-Sekwencja-1024x340.jpg\" alt=\"\" data-id=\"199\" data-full-url=\"http:\/\/www.malarstwo.ws.ujd.edu.pl\/wp-content\/uploads\/2021\/06\/03-Sekwencja.jpg\" data-link=\"http:\/\/www.malarstwo.ws.ujd.edu.pl\/index.php\/dr-hab-janusz-glowacki\/03-sekwencja\/\" class=\"wp-image-199\" srcset=\"http:\/\/www.malarstwo.ws.ujd.edu.pl\/wp-content\/uploads\/2021\/06\/03-Sekwencja-1024x340.jpg 1024w, http:\/\/www.malarstwo.ws.ujd.edu.pl\/wp-content\/uploads\/2021\/06\/03-Sekwencja-300x100.jpg 300w, http:\/\/www.malarstwo.ws.ujd.edu.pl\/wp-content\/uploads\/2021\/06\/03-Sekwencja-768x255.jpg 768w, http:\/\/www.malarstwo.ws.ujd.edu.pl\/wp-content\/uploads\/2021\/06\/03-Sekwencja.jpg 1280w\" sizes=\"(max-width: 1024px) 100vw, 1024px\" \/><\/figure><\/li><\/ul><\/figure>\n","protected":false},"excerpt":{"rendered":"<p>Profesor nadzwyczajny w cz\u0119stochowskim Uniwersytecie Humanistyczo-Przyrodniczym im. Jana D\u0142ugosza, prowadzi Pracowni\u0119 Dyplomow\u0105 Malarsk\u0105. W latach 1978-81 studiowa\u0142 Architektur\u0119 Wn\u0119trz w krakowskiej ASP. Od 1981 do 1985 studiowa\u0142 Grafik\u0119 Warsztatow\u0105 na tej uczelni, broni\u0105c dyplom w Pracowni prof. Andrzeja Pietscha. Zorganizowa\u0142 30 wystaw indywidualnych i uczestniczy\u0142 w 150wystawach zbiorowych. Bra\u0142 i bierze udzia\u0142 w wielu konkursach [&hellip;]<\/p>\n","protected":false},"author":2,"featured_media":0,"parent":0,"menu_order":0,"comment_status":"closed","ping_status":"closed","template":"","meta":[],"_links":{"self":[{"href":"http:\/\/www.malarstwo.ws.ujd.edu.pl\/index.php\/wp-json\/wp\/v2\/pages\/79"}],"collection":[{"href":"http:\/\/www.malarstwo.ws.ujd.edu.pl\/index.php\/wp-json\/wp\/v2\/pages"}],"about":[{"href":"http:\/\/www.malarstwo.ws.ujd.edu.pl\/index.php\/wp-json\/wp\/v2\/types\/page"}],"author":[{"embeddable":true,"href":"http:\/\/www.malarstwo.ws.ujd.edu.pl\/index.php\/wp-json\/wp\/v2\/users\/2"}],"replies":[{"embeddable":true,"href":"http:\/\/www.malarstwo.ws.ujd.edu.pl\/index.php\/wp-json\/wp\/v2\/comments?post=79"}],"version-history":[{"count":5,"href":"http:\/\/www.malarstwo.ws.ujd.edu.pl\/index.php\/wp-json\/wp\/v2\/pages\/79\/revisions"}],"predecessor-version":[{"id":201,"href":"http:\/\/www.malarstwo.ws.ujd.edu.pl\/index.php\/wp-json\/wp\/v2\/pages\/79\/revisions\/201"}],"wp:attachment":[{"href":"http:\/\/www.malarstwo.ws.ujd.edu.pl\/index.php\/wp-json\/wp\/v2\/media?parent=79"}],"curies":[{"name":"wp","href":"https:\/\/api.w.org\/{rel}","templated":true}]}}