{"id":834,"date":"2025-03-14T12:34:32","date_gmt":"2025-03-14T11:34:32","guid":{"rendered":"http:\/\/www.malarstwo.ws.ujd.edu.pl\/?page_id=834"},"modified":"2025-03-14T12:38:49","modified_gmt":"2025-03-14T11:38:49","slug":"deklaracja-dostepnosci","status":"publish","type":"page","link":"http:\/\/www.malarstwo.ws.ujd.edu.pl\/index.php\/deklaracja-dostepnosci\/","title":{"rendered":"DEKLARACJA DOST\u0118PNO\u015aCI"},"content":{"rendered":"\n<p><strong>Do dostosowania<\/strong><\/p>\n\n\n\n<p><strong>Deklaracja dost\u0119pno\u015bci strony kierunku Malarstwo na Wydziale Sztuki Uniwersytetu Jana D\u0142ugosza w Cz\u0119stochowie<\/strong><br><br>Uniwersytet Jana D\u0142ugosza w Cz\u0119stochowie zobowi\u0105zuje si\u0119 zapewni\u0107 dost\u0119pno\u015b\u0107 swojej strony internetowej zgodnie z przepisami ustawy z dnia 4 kwietnia 2019 r. o dost\u0119pno\u015bci cyfrowej stron internetowych i aplikacji mobilnych podmiot\u00f3w publicznych. <br><br>O\u015bwiadczenie\u00a0w sprawie dost\u0119pno\u015bci ma zastosowanie do strony internetowej <a href=\"http:\/\/www.malarstwo.ws.ujd.edu.pl\">www.malarstwo.ws.ujd.edu.pl<\/a><\/p>\n\n\n\n<ul><li>Data publikacji strony internetowej \u00a02023-12-28<\/li><li>Data ostatniej istotnej aktualizacji: 2025-03-14<\/li><\/ul>\n\n\n\n<p><br><strong>Status pod wzgl\u0119dem zgodno\u015bci z ustaw\u0105<\/strong><br><br>Strona internetowa jest <strong>cz\u0119\u015bciowo zgodna<\/strong> z ustaw\u0105 o dost\u0119pno\u015bci cyfrowej stron internetowych i aplikacji mobilnych podmiot\u00f3w publicznych z powodu niezgodno\u015bci lub wy\u0142\u0105cze\u0144 wymienionych poni\u017cej.<br><br>Tre\u015bci niedost\u0119pne<\/p>\n\n\n\n<ul><li>Brak pe\u0142nej alternatywy tekstowej dla niekt\u00f3rych element\u00f3w graficznych.<\/li><li>Czasami niewystarczaj\u0105cy kontrast kolor\u00f3w dla os\u00f3b ze szczeg\u00f3lnymi potrzebami wzrokowymi.<\/li><li>Brak odpowiedniego oznaczenia niekt\u00f3rych nag\u0142\u00f3wk\u00f3w i element\u00f3w nawigacyjnych.<\/li><li>Nie wszystkie dokumenty zamieszczone na stronie s\u0105 w formacie zgodnym z wymogami WCAG 2.1.<\/li><\/ul>\n\n\n\n<p>Przygotowanie deklaracji w sprawie dost\u0119pno\u015bci<\/p>\n\n\n\n<ul><li>Deklaracj\u0119 sporz\u0105dzono dnia: 2025-03-14<\/li><li>Deklaracj\u0119 zosta\u0142a ostatnio poddana przegl\u0105dowi i aktualizacji dnia: 2025-03-14<\/li><\/ul>\n\n\n\n<p><br>Deklaracj\u0119 sporz\u0105dzono na podstawie samooceny.<br><br>Na stronie internetowej mo\u017cna korzysta\u0107 ze standardowych skr\u00f3t\u00f3w klawiaturowych.<\/p>\n\n\n\n<p><\/p>\n\n\n\n<p><strong>Informacje zwrotne i dane kontaktowe<\/strong><br><br>Za rozpatrywanie uwag i wniosk\u00f3w odpowiada: Biuro ds. Os\u00f3b z Niepe\u0142nosprawno\u015bciami.<br>E-mail: bon@ujd.edu.pl<br>Telefon: 34 3784304, 451 160 704<\/p>\n\n\n\n<p>Ka\u017cdy ma prawo:<\/p>\n\n\n\n<ul><li>zg\u0142osi\u0107 uwagi dotycz\u0105ce dost\u0119pno\u015bci cyfrowej strony lub jej elementu,<\/li><li>zg\u0142osi\u0107 \u017c\u0105danie zapewnienia dost\u0119pno\u015bci cyfrowej strony lub jej elementu,<\/li><li>wnioskowa\u0107 o udost\u0119pnienie niedost\u0119pnej informacji w innej alternatywnej formie.<\/li><\/ul>\n\n\n\n<p><br>\u017b\u0105danie musi zawiera\u0107:<\/p>\n\n\n\n<ul><li>dane kontaktowe osoby zg\u0142aszaj\u0105cej,<\/li><li>wskazanie strony lub elementu strony, kt\u00f3rej dotyczy \u017c\u0105danie,<\/li><li>wskazanie dogodnej formy udost\u0119pnienia informacji, je\u015bli \u017c\u0105danie dotyczy udost\u0119pnienia w formie alternatywnej informacji niedost\u0119pnej.<\/li><\/ul>\n\n\n\n<p>Rozpatrzenie zg\u0142oszenia powinno nast\u0105pi\u0107 niezw\u0142ocznie, najp\u00f3\u017aniej w ci\u0105gu 7 dni. Je\u015bli w tym terminie zapewnienie dost\u0119pno\u015bci albo zapewnienie dost\u0119pu w alternatywnej formie nie jest mo\u017cliwe, powinno nast\u0105pi\u0107 najdalej w ci\u0105gu 2 miesi\u0119cy od daty zg\u0142oszenia.<br><br><strong>Skargi i odwo\u0142ania<\/strong><br><br>Na niedotrzymanie tych termin\u00f3w oraz na odmow\u0119 realizacji \u017c\u0105dania mo\u017cna z\u0142o\u017cy\u0107 skarg\u0119 do organu nadzoruj\u0105cego poczt\u0105 lub drog\u0105 elektroniczn\u0105 na adres:<br><br>Organ nadzoruj\u0105cy: Biuro ds. Os\u00f3b z Niepe\u0142nosprawno\u015bciami<br>Adres: Biuro ds. Os\u00f3b z Niepe\u0142nosprawno\u015bciami<br>Uniwersytet Jana D\u0142ugosza w Cz\u0119stochowie\u00a0<br>ul. Waszyngtona 4\/8\u00a0<br>42-200 Cz\u0119stochowa\u00a0<br>E-mail: bon@ujd.edu.pl<br>Telefon: 34 3784304, 451 160 704<br>Skarg\u0119 mo\u017cna z\u0142o\u017cy\u0107 r\u00f3wnie\u017c do <a rel=\"noreferrer noopener\" href=\"https:\/\/bip.brpo.gov.pl\/pl\/content\/zlozenie-wniosku-do-rzecznika-praw-obywatelskich\" target=\"_blank\">Rzecznika Praw Obywatelskich<\/a><\/p>\n","protected":false},"excerpt":{"rendered":"<p>Do dostosowania Deklaracja dost\u0119pno\u015bci strony kierunku Malarstwo na Wydziale Sztuki Uniwersytetu Jana D\u0142ugosza w Cz\u0119stochowie Uniwersytet Jana D\u0142ugosza w Cz\u0119stochowie zobowi\u0105zuje si\u0119 zapewni\u0107 dost\u0119pno\u015b\u0107 swojej strony internetowej zgodnie z przepisami ustawy z dnia 4 kwietnia 2019 r. o dost\u0119pno\u015bci cyfrowej stron internetowych i aplikacji mobilnych podmiot\u00f3w publicznych. O\u015bwiadczenie\u00a0w sprawie dost\u0119pno\u015bci ma zastosowanie do strony internetowej [&hellip;]<\/p>\n","protected":false},"author":2,"featured_media":0,"parent":0,"menu_order":0,"comment_status":"closed","ping_status":"closed","template":"","meta":[],"_links":{"self":[{"href":"http:\/\/www.malarstwo.ws.ujd.edu.pl\/index.php\/wp-json\/wp\/v2\/pages\/834"}],"collection":[{"href":"http:\/\/www.malarstwo.ws.ujd.edu.pl\/index.php\/wp-json\/wp\/v2\/pages"}],"about":[{"href":"http:\/\/www.malarstwo.ws.ujd.edu.pl\/index.php\/wp-json\/wp\/v2\/types\/page"}],"author":[{"embeddable":true,"href":"http:\/\/www.malarstwo.ws.ujd.edu.pl\/index.php\/wp-json\/wp\/v2\/users\/2"}],"replies":[{"embeddable":true,"href":"http:\/\/www.malarstwo.ws.ujd.edu.pl\/index.php\/wp-json\/wp\/v2\/comments?post=834"}],"version-history":[{"count":3,"href":"http:\/\/www.malarstwo.ws.ujd.edu.pl\/index.php\/wp-json\/wp\/v2\/pages\/834\/revisions"}],"predecessor-version":[{"id":839,"href":"http:\/\/www.malarstwo.ws.ujd.edu.pl\/index.php\/wp-json\/wp\/v2\/pages\/834\/revisions\/839"}],"wp:attachment":[{"href":"http:\/\/www.malarstwo.ws.ujd.edu.pl\/index.php\/wp-json\/wp\/v2\/media?parent=834"}],"curies":[{"name":"wp","href":"https:\/\/api.w.org\/{rel}","templated":true}]}}