{"id":841,"date":"2025-09-29T14:12:40","date_gmt":"2025-09-29T12:12:40","guid":{"rendered":"http:\/\/www.malarstwo.ws.ujd.edu.pl\/?page_id=841"},"modified":"2025-09-29T14:14:36","modified_gmt":"2025-09-29T12:14:36","slug":"dr-hab-bronislawa-bronka-nowicka-prof-ujd","status":"publish","type":"page","link":"http:\/\/www.malarstwo.ws.ujd.edu.pl\/index.php\/dr-hab-bronislawa-bronka-nowicka-prof-ujd\/","title":{"rendered":"dr hab. Bronis\u0142awa (Bronka) Nowicka, prof. UJD"},"content":{"rendered":"\n<p class=\"has-text-align-center\">dr hab. Bronis\u0142awa (Bronka) Nowicka, prof. UJD<\/p>\n\n\n\n<p class=\"has-text-align-center\">Artystka interdyscyplinarna, pisarka. Absolwentka Wydzia\u0142u Re\u017cyserii Pa\u0144stwowej Wy\u017cszej<br>Szko\u0142y Filmowej, Telewizyjnej i Teatralnej w \u0141odzi, profesorka tej uczelni. Studia<br>podyplomowe i doktoranckie odby\u0142a na Wydziale Malarstwa ASP w Krakowie. Stopie\u0144<br>doktora habilitowanego otrzyma\u0142a na Wydziale Grafiki i Sztuki Medi\u00f3w ASP we Wroc\u0142awiu.<br>Tworzy na granicach dyscyplin, \u0142\u0105cz\u0105c obraz ze s\u0142owem. Prace videograficzne prezentowa\u0142a<br>podczas Oslo Poesifilm Festival w Norwegii, Festival of the European Short Story i Hay<br>Festival w Chorwacji, Slovane Book Days w S\u0142owenii, 17th Athens Digital Arts Festival<br>w Grecji, Cosmopolis (Centre de Cultura Contempor\u00e0nia de Barcelona) w Hiszpanii.<br>Prezentacje prac transgraficznych: Mi\u0119dzynarodowe Centrum Sztuk Graficznych,<br>Mi\u0119dzynarodowe Triennale Grafiki, galeria ZPAP Pryzmat w Krakowie, Galeria Szklarnia,<br>Festiwal \u0141\u00f3d\u017a Czterech Kultur, Muzeum Ksi\u0105\u017cki Artystycznej w \u0141odzi, Dom Sztuki (D\u016fm<br>um\u011bn\u00ed) w Czechach, Susanne Burmester Galerie w Niemczech, Sosnowieckie Centrum<br>Sztuki, Galeria R+ w Szczecinie, Galeria Sztuki Wsp\u00f3\u0142czesnej Elektrownia w Czeladzi,<br>Biennale Tkaniny Artystycznej w Poznaniu, Festival Itin\u00e9rant d\u2019Art Papier we Francji.<br>Autorka i redaktorka ksi\u0105\u017cek: Nakarmi\u0107 kamie\u0144, Nakarmi\u0107 kamie\u0144 \u2013 obrazy rzeczy, Kodeks<br>Pomylonych, LiTEAtura, Intro-wersje, U\u017cyczenie umys\u0142u, R\u00f3\u017cnice w podej\u015bciu do edukacji<br>filmowej. Publikacje w magazynach literackich i antologiach: Conjunctions, Denver<br>Quarterly, Michigan Quarterly Review, Tripwire, Guest, LIT Magazine, Seedings,<br>Paraphrasis, The Creative Process, Past Simple, Modern Poetry in Translation, The<br>Cinnamon Review of Short Fiction, Europa 28, Poetry Wales, Lyrikline, Fixpoetry,<br>Catastrophes, Znak, Pismo, Za\u0142\u0105cznik Kulturoznawczy, Powidoki, Wizje, Tygiel Kultury. Jej<br>ksi\u0105\u017cki przet\u0142umaczono na j\u0119zyki: esto\u0144ski, angielski, w\u0119gierski, s\u0142owe\u0144ski, chorwacki,<br>ukrai\u0144ski, czeski, francuski. Od 2018 roku cz\u0142onkini jury konkurs\u00f3w i wystaw transgrafia.<br>Cz\u0142onkini Zarz\u0105du Stowarzyszenia Mi\u0119dzynarodowe Triennale Grafiki w Krakowie.<br>Laureatka projektu New Voices from Europe realizowanego przez Literature Across Frontiers<br>i European Platform for Literary Exchange, laureatka Z\u0142otego \u015arodka Poezji i Nagrody<br>Literackiej Nike.<\/p>\n\n\n\n<figure class=\"wp-block-gallery columns-3 is-cropped\"><ul class=\"blocks-gallery-grid\"><li class=\"blocks-gallery-item\"><figure><a href=\"http:\/\/www.malarstwo.ws.ujd.edu.pl\/wp-content\/uploads\/2025\/09\/1.Bronka_Ludzie-z-kto\u0301rymi-pilam-herbate\u0328_Muzeum-Ksia\u0328z\u0307ki-Artystycznej-Lo\u0301dz\u0301--scaled.jpeg\"><img loading=\"lazy\" width=\"1024\" height=\"768\" src=\"http:\/\/www.malarstwo.ws.ujd.edu.pl\/wp-content\/uploads\/2025\/09\/1.Bronka_Ludzie-z-kto\u0301rymi-pilam-herbate\u0328_Muzeum-Ksia\u0328z\u0307ki-Artystycznej-Lo\u0301dz\u0301--1024x768.jpeg\" alt=\"\" data-id=\"842\" data-full-url=\"http:\/\/www.malarstwo.ws.ujd.edu.pl\/wp-content\/uploads\/2025\/09\/1.Bronka_Ludzie-z-kto\u0301rymi-pilam-herbate\u0328_Muzeum-Ksia\u0328z\u0307ki-Artystycznej-Lo\u0301dz\u0301--scaled.jpeg\" data-link=\"http:\/\/www.malarstwo.ws.ujd.edu.pl\/?attachment_id=842\" class=\"wp-image-842\" srcset=\"http:\/\/www.malarstwo.ws.ujd.edu.pl\/wp-content\/uploads\/2025\/09\/1.Bronka_Ludzie-z-kto\u0301rymi-pilam-herbate\u0328_Muzeum-Ksia\u0328z\u0307ki-Artystycznej-Lo\u0301dz\u0301--1024x768.jpeg 1024w, http:\/\/www.malarstwo.ws.ujd.edu.pl\/wp-content\/uploads\/2025\/09\/1.Bronka_Ludzie-z-kto\u0301rymi-pilam-herbate\u0328_Muzeum-Ksia\u0328z\u0307ki-Artystycznej-Lo\u0301dz\u0301--300x225.jpeg 300w, http:\/\/www.malarstwo.ws.ujd.edu.pl\/wp-content\/uploads\/2025\/09\/1.Bronka_Ludzie-z-kto\u0301rymi-pilam-herbate\u0328_Muzeum-Ksia\u0328z\u0307ki-Artystycznej-Lo\u0301dz\u0301--768x576.jpeg 768w, http:\/\/www.malarstwo.ws.ujd.edu.pl\/wp-content\/uploads\/2025\/09\/1.Bronka_Ludzie-z-kto\u0301rymi-pilam-herbate\u0328_Muzeum-Ksia\u0328z\u0307ki-Artystycznej-Lo\u0301dz\u0301--1536x1152.jpeg 1536w, http:\/\/www.malarstwo.ws.ujd.edu.pl\/wp-content\/uploads\/2025\/09\/1.Bronka_Ludzie-z-kto\u0301rymi-pilam-herbate\u0328_Muzeum-Ksia\u0328z\u0307ki-Artystycznej-Lo\u0301dz\u0301--2048x1536.jpeg 2048w\" sizes=\"(max-width: 1024px) 100vw, 1024px\" \/><\/a><\/figure><\/li><li class=\"blocks-gallery-item\"><figure><a href=\"http:\/\/www.malarstwo.ws.ujd.edu.pl\/wp-content\/uploads\/2025\/09\/2.Bronka_Ludzie-z-kto\u0301rymi-pilam-herbate\u0328_Archiwum-III-scaled.jpeg\"><img loading=\"lazy\" width=\"1024\" height=\"768\" src=\"http:\/\/www.malarstwo.ws.ujd.edu.pl\/wp-content\/uploads\/2025\/09\/2.Bronka_Ludzie-z-kto\u0301rymi-pilam-herbate\u0328_Archiwum-III-1024x768.jpeg\" alt=\"\" data-id=\"843\" data-full-url=\"http:\/\/www.malarstwo.ws.ujd.edu.pl\/wp-content\/uploads\/2025\/09\/2.Bronka_Ludzie-z-kto\u0301rymi-pilam-herbate\u0328_Archiwum-III-scaled.jpeg\" data-link=\"http:\/\/www.malarstwo.ws.ujd.edu.pl\/?attachment_id=843\" class=\"wp-image-843\" srcset=\"http:\/\/www.malarstwo.ws.ujd.edu.pl\/wp-content\/uploads\/2025\/09\/2.Bronka_Ludzie-z-kto\u0301rymi-pilam-herbate\u0328_Archiwum-III-1024x768.jpeg 1024w, http:\/\/www.malarstwo.ws.ujd.edu.pl\/wp-content\/uploads\/2025\/09\/2.Bronka_Ludzie-z-kto\u0301rymi-pilam-herbate\u0328_Archiwum-III-300x225.jpeg 300w, http:\/\/www.malarstwo.ws.ujd.edu.pl\/wp-content\/uploads\/2025\/09\/2.Bronka_Ludzie-z-kto\u0301rymi-pilam-herbate\u0328_Archiwum-III-768x576.jpeg 768w, http:\/\/www.malarstwo.ws.ujd.edu.pl\/wp-content\/uploads\/2025\/09\/2.Bronka_Ludzie-z-kto\u0301rymi-pilam-herbate\u0328_Archiwum-III-1536x1152.jpeg 1536w, http:\/\/www.malarstwo.ws.ujd.edu.pl\/wp-content\/uploads\/2025\/09\/2.Bronka_Ludzie-z-kto\u0301rymi-pilam-herbate\u0328_Archiwum-III-2048x1536.jpeg 2048w\" sizes=\"(max-width: 1024px) 100vw, 1024px\" \/><\/a><\/figure><\/li><li class=\"blocks-gallery-item\"><figure><a href=\"http:\/\/www.malarstwo.ws.ujd.edu.pl\/wp-content\/uploads\/2025\/09\/3.-Bronka_Ludzie-z-kto\u0301rymi-pilam-herbate\u0328_Archiwum-I--scaled.jpeg\"><img loading=\"lazy\" width=\"1024\" height=\"768\" src=\"http:\/\/www.malarstwo.ws.ujd.edu.pl\/wp-content\/uploads\/2025\/09\/3.-Bronka_Ludzie-z-kto\u0301rymi-pilam-herbate\u0328_Archiwum-I--1024x768.jpeg\" alt=\"\" data-id=\"844\" data-full-url=\"http:\/\/www.malarstwo.ws.ujd.edu.pl\/wp-content\/uploads\/2025\/09\/3.-Bronka_Ludzie-z-kto\u0301rymi-pilam-herbate\u0328_Archiwum-I--scaled.jpeg\" data-link=\"http:\/\/www.malarstwo.ws.ujd.edu.pl\/?attachment_id=844\" class=\"wp-image-844\" srcset=\"http:\/\/www.malarstwo.ws.ujd.edu.pl\/wp-content\/uploads\/2025\/09\/3.-Bronka_Ludzie-z-kto\u0301rymi-pilam-herbate\u0328_Archiwum-I--1024x768.jpeg 1024w, http:\/\/www.malarstwo.ws.ujd.edu.pl\/wp-content\/uploads\/2025\/09\/3.-Bronka_Ludzie-z-kto\u0301rymi-pilam-herbate\u0328_Archiwum-I--300x225.jpeg 300w, http:\/\/www.malarstwo.ws.ujd.edu.pl\/wp-content\/uploads\/2025\/09\/3.-Bronka_Ludzie-z-kto\u0301rymi-pilam-herbate\u0328_Archiwum-I--768x576.jpeg 768w, http:\/\/www.malarstwo.ws.ujd.edu.pl\/wp-content\/uploads\/2025\/09\/3.-Bronka_Ludzie-z-kto\u0301rymi-pilam-herbate\u0328_Archiwum-I--1536x1152.jpeg 1536w, http:\/\/www.malarstwo.ws.ujd.edu.pl\/wp-content\/uploads\/2025\/09\/3.-Bronka_Ludzie-z-kto\u0301rymi-pilam-herbate\u0328_Archiwum-I--2048x1536.jpeg 2048w\" sizes=\"(max-width: 1024px) 100vw, 1024px\" \/><\/a><\/figure><\/li><li class=\"blocks-gallery-item\"><figure><a href=\"http:\/\/www.malarstwo.ws.ujd.edu.pl\/wp-content\/uploads\/2025\/09\/4.-LiTEAtura_Mie\u0328dzynarodowe-Triennale-Grafiki-Krako\u0301w-scaled.jpeg\"><img loading=\"lazy\" width=\"1024\" height=\"768\" src=\"http:\/\/www.malarstwo.ws.ujd.edu.pl\/wp-content\/uploads\/2025\/09\/4.-LiTEAtura_Mie\u0328dzynarodowe-Triennale-Grafiki-Krako\u0301w-1024x768.jpeg\" alt=\"\" data-id=\"845\" data-full-url=\"http:\/\/www.malarstwo.ws.ujd.edu.pl\/wp-content\/uploads\/2025\/09\/4.-LiTEAtura_Mie\u0328dzynarodowe-Triennale-Grafiki-Krako\u0301w-scaled.jpeg\" data-link=\"http:\/\/www.malarstwo.ws.ujd.edu.pl\/?attachment_id=845\" class=\"wp-image-845\" srcset=\"http:\/\/www.malarstwo.ws.ujd.edu.pl\/wp-content\/uploads\/2025\/09\/4.-LiTEAtura_Mie\u0328dzynarodowe-Triennale-Grafiki-Krako\u0301w-1024x768.jpeg 1024w, http:\/\/www.malarstwo.ws.ujd.edu.pl\/wp-content\/uploads\/2025\/09\/4.-LiTEAtura_Mie\u0328dzynarodowe-Triennale-Grafiki-Krako\u0301w-300x225.jpeg 300w, http:\/\/www.malarstwo.ws.ujd.edu.pl\/wp-content\/uploads\/2025\/09\/4.-LiTEAtura_Mie\u0328dzynarodowe-Triennale-Grafiki-Krako\u0301w-768x576.jpeg 768w, http:\/\/www.malarstwo.ws.ujd.edu.pl\/wp-content\/uploads\/2025\/09\/4.-LiTEAtura_Mie\u0328dzynarodowe-Triennale-Grafiki-Krako\u0301w-1536x1152.jpeg 1536w, http:\/\/www.malarstwo.ws.ujd.edu.pl\/wp-content\/uploads\/2025\/09\/4.-LiTEAtura_Mie\u0328dzynarodowe-Triennale-Grafiki-Krako\u0301w-2048x1536.jpeg 2048w\" sizes=\"(max-width: 1024px) 100vw, 1024px\" \/><\/a><\/figure><\/li><li class=\"blocks-gallery-item\"><figure><a href=\"http:\/\/www.malarstwo.ws.ujd.edu.pl\/wp-content\/uploads\/2025\/09\/5.Bronka_Soapsession-Galeria-Szklarnia-Lo\u0301dz\u0301--scaled.jpeg\"><img loading=\"lazy\" width=\"1024\" height=\"570\" src=\"http:\/\/www.malarstwo.ws.ujd.edu.pl\/wp-content\/uploads\/2025\/09\/5.Bronka_Soapsession-Galeria-Szklarnia-Lo\u0301dz\u0301--1024x570.jpeg\" alt=\"\" data-id=\"846\" data-full-url=\"http:\/\/www.malarstwo.ws.ujd.edu.pl\/wp-content\/uploads\/2025\/09\/5.Bronka_Soapsession-Galeria-Szklarnia-Lo\u0301dz\u0301--scaled.jpeg\" data-link=\"http:\/\/www.malarstwo.ws.ujd.edu.pl\/?attachment_id=846\" class=\"wp-image-846\" srcset=\"http:\/\/www.malarstwo.ws.ujd.edu.pl\/wp-content\/uploads\/2025\/09\/5.Bronka_Soapsession-Galeria-Szklarnia-Lo\u0301dz\u0301--1024x570.jpeg 1024w, http:\/\/www.malarstwo.ws.ujd.edu.pl\/wp-content\/uploads\/2025\/09\/5.Bronka_Soapsession-Galeria-Szklarnia-Lo\u0301dz\u0301--300x167.jpeg 300w, http:\/\/www.malarstwo.ws.ujd.edu.pl\/wp-content\/uploads\/2025\/09\/5.Bronka_Soapsession-Galeria-Szklarnia-Lo\u0301dz\u0301--768x428.jpeg 768w, http:\/\/www.malarstwo.ws.ujd.edu.pl\/wp-content\/uploads\/2025\/09\/5.Bronka_Soapsession-Galeria-Szklarnia-Lo\u0301dz\u0301--1536x855.jpeg 1536w, http:\/\/www.malarstwo.ws.ujd.edu.pl\/wp-content\/uploads\/2025\/09\/5.Bronka_Soapsession-Galeria-Szklarnia-Lo\u0301dz\u0301--2048x1140.jpeg 2048w\" sizes=\"(max-width: 1024px) 100vw, 1024px\" \/><\/a><\/figure><\/li><li class=\"blocks-gallery-item\"><figure><a href=\"http:\/\/www.malarstwo.ws.ujd.edu.pl\/wp-content\/uploads\/2025\/09\/6.-Bronka_Postmortale_transgrafia-1.0_Krako\u0301w-scaled.jpeg\"><img loading=\"lazy\" width=\"1024\" height=\"578\" src=\"http:\/\/www.malarstwo.ws.ujd.edu.pl\/wp-content\/uploads\/2025\/09\/6.-Bronka_Postmortale_transgrafia-1.0_Krako\u0301w-1024x578.jpeg\" alt=\"\" data-id=\"847\" data-full-url=\"http:\/\/www.malarstwo.ws.ujd.edu.pl\/wp-content\/uploads\/2025\/09\/6.-Bronka_Postmortale_transgrafia-1.0_Krako\u0301w-scaled.jpeg\" data-link=\"http:\/\/www.malarstwo.ws.ujd.edu.pl\/?attachment_id=847\" class=\"wp-image-847\" srcset=\"http:\/\/www.malarstwo.ws.ujd.edu.pl\/wp-content\/uploads\/2025\/09\/6.-Bronka_Postmortale_transgrafia-1.0_Krako\u0301w-1024x578.jpeg 1024w, http:\/\/www.malarstwo.ws.ujd.edu.pl\/wp-content\/uploads\/2025\/09\/6.-Bronka_Postmortale_transgrafia-1.0_Krako\u0301w-300x169.jpeg 300w, http:\/\/www.malarstwo.ws.ujd.edu.pl\/wp-content\/uploads\/2025\/09\/6.-Bronka_Postmortale_transgrafia-1.0_Krako\u0301w-768x433.jpeg 768w, http:\/\/www.malarstwo.ws.ujd.edu.pl\/wp-content\/uploads\/2025\/09\/6.-Bronka_Postmortale_transgrafia-1.0_Krako\u0301w-1536x867.jpeg 1536w, http:\/\/www.malarstwo.ws.ujd.edu.pl\/wp-content\/uploads\/2025\/09\/6.-Bronka_Postmortale_transgrafia-1.0_Krako\u0301w-2048x1156.jpeg 2048w\" sizes=\"(max-width: 1024px) 100vw, 1024px\" \/><\/a><\/figure><\/li><li class=\"blocks-gallery-item\"><figure><a href=\"http:\/\/www.malarstwo.ws.ujd.edu.pl\/wp-content\/uploads\/2025\/09\/7.-Bronka_Oko_transgrafia-2.0_Krako\u0301w-scaled.jpeg\"><img loading=\"lazy\" width=\"1024\" height=\"593\" src=\"http:\/\/www.malarstwo.ws.ujd.edu.pl\/wp-content\/uploads\/2025\/09\/7.-Bronka_Oko_transgrafia-2.0_Krako\u0301w-1024x593.jpeg\" alt=\"\" data-id=\"848\" data-full-url=\"http:\/\/www.malarstwo.ws.ujd.edu.pl\/wp-content\/uploads\/2025\/09\/7.-Bronka_Oko_transgrafia-2.0_Krako\u0301w-scaled.jpeg\" data-link=\"http:\/\/www.malarstwo.ws.ujd.edu.pl\/?attachment_id=848\" class=\"wp-image-848\" srcset=\"http:\/\/www.malarstwo.ws.ujd.edu.pl\/wp-content\/uploads\/2025\/09\/7.-Bronka_Oko_transgrafia-2.0_Krako\u0301w-1024x593.jpeg 1024w, http:\/\/www.malarstwo.ws.ujd.edu.pl\/wp-content\/uploads\/2025\/09\/7.-Bronka_Oko_transgrafia-2.0_Krako\u0301w-300x174.jpeg 300w, http:\/\/www.malarstwo.ws.ujd.edu.pl\/wp-content\/uploads\/2025\/09\/7.-Bronka_Oko_transgrafia-2.0_Krako\u0301w-768x445.jpeg 768w, http:\/\/www.malarstwo.ws.ujd.edu.pl\/wp-content\/uploads\/2025\/09\/7.-Bronka_Oko_transgrafia-2.0_Krako\u0301w-1536x889.jpeg 1536w, http:\/\/www.malarstwo.ws.ujd.edu.pl\/wp-content\/uploads\/2025\/09\/7.-Bronka_Oko_transgrafia-2.0_Krako\u0301w-2048x1186.jpeg 2048w\" sizes=\"(max-width: 1024px) 100vw, 1024px\" \/><\/a><\/figure><\/li><\/ul><\/figure>\n\n\n\n<p><\/p>\n","protected":false},"excerpt":{"rendered":"<p>dr hab. Bronis\u0142awa (Bronka) Nowicka, prof. UJD Artystka interdyscyplinarna, pisarka. Absolwentka Wydzia\u0142u Re\u017cyserii Pa\u0144stwowej Wy\u017cszejSzko\u0142y Filmowej, Telewizyjnej i Teatralnej w \u0141odzi, profesorka tej uczelni. Studiapodyplomowe i doktoranckie odby\u0142a na Wydziale Malarstwa ASP w Krakowie. Stopie\u0144doktora habilitowanego otrzyma\u0142a na Wydziale Grafiki i Sztuki Medi\u00f3w ASP we Wroc\u0142awiu.Tworzy na granicach dyscyplin, \u0142\u0105cz\u0105c obraz ze s\u0142owem. Prace videograficzne [&hellip;]<\/p>\n","protected":false},"author":1,"featured_media":0,"parent":0,"menu_order":0,"comment_status":"closed","ping_status":"closed","template":"","meta":[],"_links":{"self":[{"href":"http:\/\/www.malarstwo.ws.ujd.edu.pl\/index.php\/wp-json\/wp\/v2\/pages\/841"}],"collection":[{"href":"http:\/\/www.malarstwo.ws.ujd.edu.pl\/index.php\/wp-json\/wp\/v2\/pages"}],"about":[{"href":"http:\/\/www.malarstwo.ws.ujd.edu.pl\/index.php\/wp-json\/wp\/v2\/types\/page"}],"author":[{"embeddable":true,"href":"http:\/\/www.malarstwo.ws.ujd.edu.pl\/index.php\/wp-json\/wp\/v2\/users\/1"}],"replies":[{"embeddable":true,"href":"http:\/\/www.malarstwo.ws.ujd.edu.pl\/index.php\/wp-json\/wp\/v2\/comments?post=841"}],"version-history":[{"count":2,"href":"http:\/\/www.malarstwo.ws.ujd.edu.pl\/index.php\/wp-json\/wp\/v2\/pages\/841\/revisions"}],"predecessor-version":[{"id":851,"href":"http:\/\/www.malarstwo.ws.ujd.edu.pl\/index.php\/wp-json\/wp\/v2\/pages\/841\/revisions\/851"}],"wp:attachment":[{"href":"http:\/\/www.malarstwo.ws.ujd.edu.pl\/index.php\/wp-json\/wp\/v2\/media?parent=841"}],"curies":[{"name":"wp","href":"https:\/\/api.w.org\/{rel}","templated":true}]}}