{"id":89,"date":"2021-06-04T20:55:36","date_gmt":"2021-06-04T18:55:36","guid":{"rendered":"http:\/\/www.malarstwo.ws.ujd.edu.pl\/?page_id=89"},"modified":"2021-06-05T18:25:40","modified_gmt":"2021-06-05T16:25:40","slug":"dr-hab-magdalena-snarska","status":"publish","type":"page","link":"http:\/\/www.malarstwo.ws.ujd.edu.pl\/index.php\/dr-hab-magdalena-snarska\/","title":{"rendered":"dr hab. Magdalena Snarska, prof. UJD"},"content":{"rendered":"\n<div class=\"wp-block-image is-style-rounded\"><figure class=\"aligncenter size-large is-resized\"><img loading=\"lazy\" src=\"http:\/\/www.malarstwo.ws.ujd.edu.pl\/wp-content\/uploads\/2021\/06\/MagdalenaSnarska_zdjecie-profilowe-1-751x1024.jpg\" alt=\"\" class=\"wp-image-203\" width=\"214\" height=\"291\" srcset=\"http:\/\/www.malarstwo.ws.ujd.edu.pl\/wp-content\/uploads\/2021\/06\/MagdalenaSnarska_zdjecie-profilowe-1-751x1024.jpg 751w, http:\/\/www.malarstwo.ws.ujd.edu.pl\/wp-content\/uploads\/2021\/06\/MagdalenaSnarska_zdjecie-profilowe-1-220x300.jpg 220w, http:\/\/www.malarstwo.ws.ujd.edu.pl\/wp-content\/uploads\/2021\/06\/MagdalenaSnarska_zdjecie-profilowe-1-768x1048.jpg 768w, http:\/\/www.malarstwo.ws.ujd.edu.pl\/wp-content\/uploads\/2021\/06\/MagdalenaSnarska_zdjecie-profilowe-1-1126x1536.jpg 1126w, http:\/\/www.malarstwo.ws.ujd.edu.pl\/wp-content\/uploads\/2021\/06\/MagdalenaSnarska_zdjecie-profilowe-1.jpg 1449w\" sizes=\"(max-width: 214px) 100vw, 214px\" \/><\/figure><\/div>\n\n\n\n<p class=\"has-text-align-center\">Dr hab. Magdalena Snarska, profesor nadzwyczajny w Katedrze Malarstwa, Wydzia\u0142u Sztuki<br>UJD w Cz\u0119stochowie. Uprawia malarstwo sztalugowe i rysunek. Swoj\u0105 tw\u00f3rczo\u015b\u0107<br>prezentowa\u0142a na 22 wystawach indywidualnych. Wzi\u0119\u0142a udzia\u0142 w 105 wystawach<br>zbiorowych. Nagrodzona w konkursach: XVI. Og\u00f3lnopolski Konkurs Malarski na Obraz im.<br>Jana Spychalskiego, Pozna\u0144 1989; X.Og\u00f3lnopolski Konkurs \u201eMuzyka w malarstwie\u201d, Tychy<br>2004; 43. Salon Zimowy Radom 2014. Nominowana do nagr\u00f3d w VIII Triennale Polskiego<br>Rysunku Wsp\u00f3\u0142czesnego Lubacz\u00f3w 2014 oraz w 44. Salonie Zimowym Radom 2016.<\/p>\n\n\n\n<figure class=\"wp-block-gallery columns-3 is-cropped\"><ul class=\"blocks-gallery-grid\"><li class=\"blocks-gallery-item\"><figure><img loading=\"lazy\" width=\"1024\" height=\"726\" src=\"http:\/\/www.malarstwo.ws.ujd.edu.pl\/wp-content\/uploads\/2021\/06\/Magdalena-Snarska-Przechadzka-w-porze-wiatru-1.6-olej-na-plotnie-46x65cm-2021-1-1-1024x726.jpg\" alt=\"\" data-id=\"205\" data-full-url=\"http:\/\/www.malarstwo.ws.ujd.edu.pl\/wp-content\/uploads\/2021\/06\/Magdalena-Snarska-Przechadzka-w-porze-wiatru-1.6-olej-na-plotnie-46x65cm-2021-1-1.jpg\" data-link=\"http:\/\/www.malarstwo.ws.ujd.edu.pl\/index.php\/dr-hab-magdalena-snarska\/magdalena-snarska-przechadzka-w-porze-wiatru-1-6-olej-na-plotnie-46x65cm-2021-1-1\/\" class=\"wp-image-205\" srcset=\"http:\/\/www.malarstwo.ws.ujd.edu.pl\/wp-content\/uploads\/2021\/06\/Magdalena-Snarska-Przechadzka-w-porze-wiatru-1.6-olej-na-plotnie-46x65cm-2021-1-1-1024x726.jpg 1024w, http:\/\/www.malarstwo.ws.ujd.edu.pl\/wp-content\/uploads\/2021\/06\/Magdalena-Snarska-Przechadzka-w-porze-wiatru-1.6-olej-na-plotnie-46x65cm-2021-1-1-300x213.jpg 300w, http:\/\/www.malarstwo.ws.ujd.edu.pl\/wp-content\/uploads\/2021\/06\/Magdalena-Snarska-Przechadzka-w-porze-wiatru-1.6-olej-na-plotnie-46x65cm-2021-1-1-768x545.jpg 768w, http:\/\/www.malarstwo.ws.ujd.edu.pl\/wp-content\/uploads\/2021\/06\/Magdalena-Snarska-Przechadzka-w-porze-wiatru-1.6-olej-na-plotnie-46x65cm-2021-1-1-1536x1089.jpg 1536w, http:\/\/www.malarstwo.ws.ujd.edu.pl\/wp-content\/uploads\/2021\/06\/Magdalena-Snarska-Przechadzka-w-porze-wiatru-1.6-olej-na-plotnie-46x65cm-2021-1-1-1200x850.jpg 1200w, http:\/\/www.malarstwo.ws.ujd.edu.pl\/wp-content\/uploads\/2021\/06\/Magdalena-Snarska-Przechadzka-w-porze-wiatru-1.6-olej-na-plotnie-46x65cm-2021-1-1.jpg 1654w\" sizes=\"(max-width: 1024px) 100vw, 1024px\" \/><\/figure><\/li><li class=\"blocks-gallery-item\"><figure><img loading=\"lazy\" width=\"1020\" height=\"1024\" src=\"http:\/\/www.malarstwo.ws.ujd.edu.pl\/wp-content\/uploads\/2021\/06\/Magdalena-Snarska-Przechadzka-w-porze-wiatru-1.7-olej-na-plotnie-100x100cm-2021-1-1020x1024.jpg\" alt=\"\" data-id=\"206\" data-full-url=\"http:\/\/www.malarstwo.ws.ujd.edu.pl\/wp-content\/uploads\/2021\/06\/Magdalena-Snarska-Przechadzka-w-porze-wiatru-1.7-olej-na-plotnie-100x100cm-2021-1.jpg\" data-link=\"http:\/\/www.malarstwo.ws.ujd.edu.pl\/index.php\/dr-hab-magdalena-snarska\/magdalena-snarska-przechadzka-w-porze-wiatru-1-7-olej-na-plotnie-100x100cm-2021-1\/\" class=\"wp-image-206\" srcset=\"http:\/\/www.malarstwo.ws.ujd.edu.pl\/wp-content\/uploads\/2021\/06\/Magdalena-Snarska-Przechadzka-w-porze-wiatru-1.7-olej-na-plotnie-100x100cm-2021-1-1020x1024.jpg 1020w, http:\/\/www.malarstwo.ws.ujd.edu.pl\/wp-content\/uploads\/2021\/06\/Magdalena-Snarska-Przechadzka-w-porze-wiatru-1.7-olej-na-plotnie-100x100cm-2021-1-300x300.jpg 300w, http:\/\/www.malarstwo.ws.ujd.edu.pl\/wp-content\/uploads\/2021\/06\/Magdalena-Snarska-Przechadzka-w-porze-wiatru-1.7-olej-na-plotnie-100x100cm-2021-1-150x150.jpg 150w, http:\/\/www.malarstwo.ws.ujd.edu.pl\/wp-content\/uploads\/2021\/06\/Magdalena-Snarska-Przechadzka-w-porze-wiatru-1.7-olej-na-plotnie-100x100cm-2021-1-768x771.jpg 768w, http:\/\/www.malarstwo.ws.ujd.edu.pl\/wp-content\/uploads\/2021\/06\/Magdalena-Snarska-Przechadzka-w-porze-wiatru-1.7-olej-na-plotnie-100x100cm-2021-1.jpg 1168w\" sizes=\"(max-width: 1020px) 100vw, 1020px\" \/><\/figure><\/li><li class=\"blocks-gallery-item\"><figure><img loading=\"lazy\" width=\"1024\" height=\"861\" src=\"http:\/\/www.malarstwo.ws.ujd.edu.pl\/wp-content\/uploads\/2021\/06\/Magdalena-Snarska_Przechadzka-w-porze-wiatru-1.1-olej-na-plotnie-50-x-60-2019-1-1024x861.jpg\" alt=\"\" data-id=\"207\" data-full-url=\"http:\/\/www.malarstwo.ws.ujd.edu.pl\/wp-content\/uploads\/2021\/06\/Magdalena-Snarska_Przechadzka-w-porze-wiatru-1.1-olej-na-plotnie-50-x-60-2019-1.jpg\" data-link=\"http:\/\/www.malarstwo.ws.ujd.edu.pl\/index.php\/dr-hab-magdalena-snarska\/magdalena-snarska_przechadzka-w-porze-wiatru-1-1-olej-na-plotnie-50-x-60-2019-1\/\" class=\"wp-image-207\" srcset=\"http:\/\/www.malarstwo.ws.ujd.edu.pl\/wp-content\/uploads\/2021\/06\/Magdalena-Snarska_Przechadzka-w-porze-wiatru-1.1-olej-na-plotnie-50-x-60-2019-1-1024x861.jpg 1024w, http:\/\/www.malarstwo.ws.ujd.edu.pl\/wp-content\/uploads\/2021\/06\/Magdalena-Snarska_Przechadzka-w-porze-wiatru-1.1-olej-na-plotnie-50-x-60-2019-1-300x252.jpg 300w, http:\/\/www.malarstwo.ws.ujd.edu.pl\/wp-content\/uploads\/2021\/06\/Magdalena-Snarska_Przechadzka-w-porze-wiatru-1.1-olej-na-plotnie-50-x-60-2019-1-768x645.jpg 768w, http:\/\/www.malarstwo.ws.ujd.edu.pl\/wp-content\/uploads\/2021\/06\/Magdalena-Snarska_Przechadzka-w-porze-wiatru-1.1-olej-na-plotnie-50-x-60-2019-1-1536x1291.jpg 1536w, http:\/\/www.malarstwo.ws.ujd.edu.pl\/wp-content\/uploads\/2021\/06\/Magdalena-Snarska_Przechadzka-w-porze-wiatru-1.1-olej-na-plotnie-50-x-60-2019-1.jpg 1724w\" sizes=\"(max-width: 1024px) 100vw, 1024px\" \/><\/figure><\/li><\/ul><\/figure>\n","protected":false},"excerpt":{"rendered":"<p>Dr hab. Magdalena Snarska, profesor nadzwyczajny w Katedrze Malarstwa, Wydzia\u0142u SztukiUJD w Cz\u0119stochowie. Uprawia malarstwo sztalugowe i rysunek. Swoj\u0105 tw\u00f3rczo\u015b\u0107prezentowa\u0142a na 22 wystawach indywidualnych. Wzi\u0119\u0142a udzia\u0142 w 105 wystawachzbiorowych. Nagrodzona w konkursach: XVI. Og\u00f3lnopolski Konkurs Malarski na Obraz im.Jana Spychalskiego, Pozna\u0144 1989; X.Og\u00f3lnopolski Konkurs \u201eMuzyka w malarstwie\u201d, Tychy2004; 43. Salon Zimowy Radom 2014. Nominowana do [&hellip;]<\/p>\n","protected":false},"author":2,"featured_media":0,"parent":0,"menu_order":0,"comment_status":"closed","ping_status":"closed","template":"","meta":[],"_links":{"self":[{"href":"http:\/\/www.malarstwo.ws.ujd.edu.pl\/index.php\/wp-json\/wp\/v2\/pages\/89"}],"collection":[{"href":"http:\/\/www.malarstwo.ws.ujd.edu.pl\/index.php\/wp-json\/wp\/v2\/pages"}],"about":[{"href":"http:\/\/www.malarstwo.ws.ujd.edu.pl\/index.php\/wp-json\/wp\/v2\/types\/page"}],"author":[{"embeddable":true,"href":"http:\/\/www.malarstwo.ws.ujd.edu.pl\/index.php\/wp-json\/wp\/v2\/users\/2"}],"replies":[{"embeddable":true,"href":"http:\/\/www.malarstwo.ws.ujd.edu.pl\/index.php\/wp-json\/wp\/v2\/comments?post=89"}],"version-history":[{"count":4,"href":"http:\/\/www.malarstwo.ws.ujd.edu.pl\/index.php\/wp-json\/wp\/v2\/pages\/89\/revisions"}],"predecessor-version":[{"id":208,"href":"http:\/\/www.malarstwo.ws.ujd.edu.pl\/index.php\/wp-json\/wp\/v2\/pages\/89\/revisions\/208"}],"wp:attachment":[{"href":"http:\/\/www.malarstwo.ws.ujd.edu.pl\/index.php\/wp-json\/wp\/v2\/media?parent=89"}],"curies":[{"name":"wp","href":"https:\/\/api.w.org\/{rel}","templated":true}]}}